{"id":9950,"date":"2023-11-14T11:51:37","date_gmt":"2023-11-14T10:51:37","guid":{"rendered":"https:\/\/camping-leragis.com\/redactie\/"},"modified":"2024-02-27T15:58:19","modified_gmt":"2024-02-27T14:58:19","slug":"redactie","status":"publish","type":"page","link":"https:\/\/camping-leragis.com\/nl\/redactie\/","title":{"rendered":"Redactie"},"content":{"rendered":"\n<div class=\"editos\">\t\t\t<article class=\"multiple-editorial\">\n\t\t\t\t<a href=\"https:\/\/camping-leragis.com\/nl\/editorial\/vacances-seniors-vendee\/\">\n\t\t\t\t\t<h2>Vacances s\u00e9niors Vend\u00e9e<\/h2>\n\t\t\t\t\t<div class=\"content\"><p>La Vend\u00e9e, avec ses paysages vari\u00e9s et son ambiance sereine, est la destination id\u00e9ale pour des vacances d\u00e9di\u00e9es aux seniors. Au Camping du Ragis, nous avons \u00e0 c\u0153ur d&#8217;offrir un cadre paisible et confortable, o\u00f9 chacun peut profiter pleinement de son s\u00e9jour. Loin du tumulte des grandes destinations, notre camping \u00e0 taille humaine est con\u00e7u [&hellip;]<\/p>\n<\/div>\n\t\t\t\t\t<p class=\"text-right\">Lire la suite<\/p>\n\t\t\t\t<\/a>\n\t\t\t<\/article>\n\t\t\t\t\t\t<article class=\"multiple-editorial\">\n\t\t\t\t<a href=\"https:\/\/camping-leragis.com\/nl\/editorial\/location-derniere-minute-camping-vendee\/\">\n\t\t\t\t\t<h2>Location derni\u00e8re minute camping Vend\u00e9e<\/h2>\n\t\t\t\t\t<div class=\"content\"><p>D\u00e9couvrez la Vend\u00e9e \u00e0 la derni\u00e8re minute et offrez-vous une \u00e9vasion spontan\u00e9e au c\u0153ur de notre magnifique r\u00e9gion ! Au Camping du Ragis, nous comprenons que parfois, l&#8217;envie de vacances se manifeste subitement. C&#8217;est pourquoi nous proposons r\u00e9guli\u00e8rement des locations de derni\u00e8re minute pour celles et ceux qui souhaitent s&#8217;offrir une parenth\u00e8se enchant\u00e9e en camping [&hellip;]<\/p>\n<\/div>\n\t\t\t\t\t<p class=\"text-right\">Lire la suite<\/p>\n\t\t\t\t<\/a>\n\t\t\t<\/article>\n\t\t\t\t\t\t<article class=\"multiple-editorial\">\n\t\t\t\t<a href=\"https:\/\/camping-leragis.com\/nl\/editorial\/camping-taille-humaine-vendee\/\">\n\t\t\t\t\t<h2>Camping taille humaine Vend\u00e9e<\/h2>\n\t\t\t\t\t<div class=\"content\"><p>Plongez au c\u0153ur de la Vend\u00e9e et d\u00e9couvrez une exp\u00e9rience de camping authentique et conviviale, loin des foules et de l&#8217;agitation des grands complexes touristiques. Au Camping du Ragis en Vend\u00e9e, nous cultivons une approche \u00e0 taille humaine, o\u00f9 chaque vacancier est accueilli comme il se doit et o\u00f9 la simplicit\u00e9 rime avec qualit\u00e9. Optez [&hellip;]<\/p>\n<\/div>\n\t\t\t\t\t<p class=\"text-right\">Lire la suite<\/p>\n\t\t\t\t<\/a>\n\t\t\t<\/article>\n\t\t\t\t\t\t<article class=\"multiple-editorial\">\n\t\t\t\t<a href=\"https:\/\/camping-leragis.com\/nl\/editorial\/offres-dernieres-minutes-camping-nature-vendee\/\">\n\t\t\t\t\t<h2>Offres derni\u00e8res minutes camping nature en Vend\u00e9e<\/h2>\n\t\t\t\t\t<div class=\"content\"><p>Vous cherchez une escapade nature en Vend\u00e9e \u00e0 prix doux ? Le Camping Le Ragis, situ\u00e9 \u00e0 Challans, propose r\u00e9guli\u00e8rement des offres de derni\u00e8re minute id\u00e9ales pour les familles, les couples ou les vacanciers en qu\u00eate d\u2019un s\u00e9jour ressour\u00e7ant, sans se ruiner. Le Camping Le Ragis se distingue par son environnement verdoyant, sa proximit\u00e9 avec [&hellip;]<\/p>\n<\/div>\n\t\t\t\t\t<p class=\"text-right\">Lire la suite<\/p>\n\t\t\t\t<\/a>\n\t\t\t<\/article>\n\t\t\t\t\t\t<article class=\"multiple-editorial\">\n\t\t\t\t<a href=\"https:\/\/camping-leragis.com\/nl\/editorial\/meilleur-rapport-qualite-prix-camping-vendee\/\">\n\t\t\t\t\t<h2>Meilleur rapport qualit\u00e9 prix camping Vend\u00e9e<\/h2>\n\t\t\t\t\t<div class=\"content\"><p>Soyons honn\u00eates, nous cherchons tous les vacances id\u00e9ales dans un endroit de r\u00eave, mais nous ne pouvons pas nous permettre de d\u00e9penser tout notre budget vacances dans un seul s\u00e9jour. Il faut penser au quotidien et aux autres loisirs. C&#8217;est pourquoi au camping Le Ragis, nous vous proposons le meilleur rapport qualit\u00e9-prix afin de passer [&hellip;]<\/p>\n<\/div>\n\t\t\t\t\t<p class=\"text-right\">Lire la suite<\/p>\n\t\t\t\t<\/a>\n\t\t\t<\/article>\n\t\t\t\t\t\t<article class=\"multiple-editorial\">\n\t\t\t\t<a href=\"https:\/\/camping-leragis.com\/nl\/editorial\/prix-emplacement-caravane-camping-vendee\/\">\n\t\t\t\t\t<h2>Prix emplacement caravane camping Vend\u00e9e<\/h2>\n\t\t\t\t\t<div class=\"content\"><p>Situ\u00e9 \u00e0 Challans, \u00e0 seulement 15 minutes des plages de Saint-Jean-de-Monts et de Saint-Hilaire-de-Riez, le Camping Le Ragis offre un cadre id\u00e9al pour les amateurs de camping traditionnel. Ce camping 4 \u00e9toiles propose des emplacements spacieux, pour accueillir tentes, caravanes ou camping-cars. Chaque parcelle est d\u00e9limit\u00e9e par des haies, offrant intimit\u00e9 et tranquillit\u00e9, et est [&hellip;]<\/p>\n<\/div>\n\t\t\t\t\t<p class=\"text-right\">Lire la suite<\/p>\n\t\t\t\t<\/a>\n\t\t\t<\/article>\n\t\t\t\t\t\t<article class=\"multiple-editorial\">\n\t\t\t\t<a href=\"https:\/\/camping-leragis.com\/nl\/editorial\/emplacement-tente-vendee-pas-cher\/\">\n\t\t\t\t\t<h2>Emplacement tente Vend\u00e9e pas cher<\/h2>\n\t\t\t\t\t<div class=\"content\"><p>Passer des vacances en pleine nature tout en ma\u00eetrisant son budget, c\u2019est ce que propose le Camping du Ragis avec ses offres d\u2019emplacement en tente en Vend\u00e9e pas cher. Situ\u00e9 \u00e0 proximit\u00e9 des plages de l\u2019Atlantique et des sites embl\u00e9matiques de la r\u00e9gion, ce camping familial permet aux vacanciers de profiter d\u2019un s\u00e9jour convivial et [&hellip;]<\/p>\n<\/div>\n\t\t\t\t\t<p class=\"text-right\">Lire la suite<\/p>\n\t\t\t\t<\/a>\n\t\t\t<\/article>\n\t\t\t\t\t\t<article class=\"multiple-editorial\">\n\t\t\t\t<a href=\"https:\/\/camping-leragis.com\/nl\/editorial\/emplacement-camping-calme-vendee\/\">\n\t\t\t\t\t<h2>Emplacement dans camping calme Vend\u00e9e<\/h2>\n\t\t\t\t\t<div class=\"content\"><p>Emplacement dans un camping calme en Vend\u00e9e : d\u00e9couvrez Le Ragis Vous recherchez un emplacement dans un camping calme en Vend\u00e9e pour vos prochaines vacances ? Le Camping Le Ragis, situ\u00e9 \u00e0 Challans, est l&#8217;adresse id\u00e9ale pour un s\u00e9jour reposant en pleine nature, tout en \u00e9tant proche des plages et des sites touristiques de la [&hellip;]<\/p>\n<\/div>\n\t\t\t\t\t<p class=\"text-right\">Lire la suite<\/p>\n\t\t\t\t<\/a>\n\t\t\t<\/article>\n\t\t\t\t\t\t<article class=\"multiple-editorial\">\n\t\t\t\t<a href=\"https:\/\/camping-leragis.com\/nl\/editorial\/camping-nature-acceptant-les-animaux-vendee\/\">\n\t\t\t\t\t<h2>Camping nature acceptant les animaux Vend\u00e9e<\/h2>\n\t\t\t\t\t<div class=\"content\"><p>Les vacances approchent \u00e0 grands pas, et avec elles, l\u2019heure de r\u00e9server votre location pour cet \u00e9t\u00e9. Si vous \u00eates plut\u00f4t camping, plut\u00f4t nature et que vous aimez les animaux, alors le camping du Ragis est fait pour vous. Ce camping nature acceptant les animaux en Vend\u00e9e vous propose de nombreuses locations d\u2019h\u00e9bergements et d\u2019emplacements, [&hellip;]<\/p>\n<\/div>\n\t\t\t\t\t<p class=\"text-right\">Lire la suite<\/p>\n\t\t\t\t<\/a>\n\t\t\t<\/article>\n\t\t\t\t\t\t<article class=\"multiple-editorial\">\n\t\t\t\t<a href=\"https:\/\/camping-leragis.com\/nl\/editorial\/accueil-camping-car-camping-vendee\/\">\n\t\t\t\t\t<h2>Accueil camping car camping Vend\u00e9e<\/h2>\n\t\t\t\t\t<div class=\"content\"><p>Le camping-car c\u2019est synonyme de libert\u00e9, de voyages et de d\u00e9couvertes. Avec un camping-car vous \u00eates libres de vos d\u00e9placements. Vous pouvez tr\u00e8s bien loger \u00e0 un endroit quelques soirs et partir quelques kilom\u00e8tres plus loin ensuite. C\u2019est un excellent moyen de d\u00e9couvrir une r\u00e9gion. Si vous parcourez la Vend\u00e9e en camping car, venez passer [&hellip;]<\/p>\n<\/div>\n\t\t\t\t\t<p class=\"text-right\">Lire la suite<\/p>\n\t\t\t\t<\/a>\n\t\t\t<\/article>\n\t\t\t<nav><ul class=\"pagination\"><li class=\"page-item active\"><span class=\"page-link\">1<\/span><\/li><li class=\"page-item\"><a class=\"page-link\" href=\"?numpage=2\">2<\/a><\/li><li class=\"page-item\"><a class=\"page-link\" href=\"?numpage=3\">3<\/a><\/li><li class=\"page-item\"><a class=\"page-link\" href=\"?numpage=4\">4<\/a><\/li><li class=\"page-item\"><a class=\"page-link\" href=\"?numpage=2\" title=\"&raquo;\">&raquo;<\/a><\/li><\/ul><\/nav><\/div>\n","protected":false},"excerpt":{"rendered":"","protected":false},"author":2,"featured_media":0,"parent":0,"menu_order":0,"comment_status":"closed","ping_status":"closed","template":"","meta":{"_seopress_robots_primary_cat":"","_seopress_titles_title":"Redactie door camping Le Ragis in Challans","_seopress_titles_desc":"Redactiepagina van camping Le Ragis, gelegen in de Vend\u00e9e bij Saint Gilles Croix de Vie","_seopress_robots_index":"","footnotes":""},"class_list":["post-9950","page","type-page","status-publish","hentry"],"_links":{"self":[{"href":"https:\/\/camping-leragis.com\/nl\/wp-json\/wp\/v2\/pages\/9950","targetHints":{"allow":["GET"]}}],"collection":[{"href":"https:\/\/camping-leragis.com\/nl\/wp-json\/wp\/v2\/pages"}],"about":[{"href":"https:\/\/camping-leragis.com\/nl\/wp-json\/wp\/v2\/types\/page"}],"author":[{"embeddable":true,"href":"https:\/\/camping-leragis.com\/nl\/wp-json\/wp\/v2\/users\/2"}],"replies":[{"embeddable":true,"href":"https:\/\/camping-leragis.com\/nl\/wp-json\/wp\/v2\/comments?post=9950"}],"version-history":[{"count":1,"href":"https:\/\/camping-leragis.com\/nl\/wp-json\/wp\/v2\/pages\/9950\/revisions"}],"predecessor-version":[{"id":9961,"href":"https:\/\/camping-leragis.com\/nl\/wp-json\/wp\/v2\/pages\/9950\/revisions\/9961"}],"wp:attachment":[{"href":"https:\/\/camping-leragis.com\/nl\/wp-json\/wp\/v2\/media?parent=9950"}],"curies":[{"name":"wp","href":"https:\/\/api.w.org\/{rel}","templated":true}]}}