{"id":10029,"date":"2023-11-13T16:43:44","date_gmt":"2023-11-13T15:43:44","guid":{"rendered":"https:\/\/camping-leragis.com\/yeu-eiland\/"},"modified":"2024-02-27T17:34:34","modified_gmt":"2024-02-27T16:34:34","slug":"yeu-eiland","status":"publish","type":"page","link":"https:\/\/camping-leragis.com\/nl\/zee-en-eilanden\/yeu-eiland\/","title":{"rendered":"Yeu-eiland"},"content":{"rendered":"\n<div class=\"wp-block-media-text alignfull has-media-on-the-right is-stacked-on-mobile is-image-fill\" style=\"padding-top:var(--wp--preset--spacing--30);padding-right:5%;padding-bottom:var(--wp--preset--spacing--30);padding-left:5%\"><div class=\"wp-block-media-text__content\">\n<div class=\"wp-block-group is-layout-constrained wp-block-group-is-layout-constrained\">\n<h2 class=\"wp-block-heading\">Camping dichtbij Ile d&#8217;Yeu<\/h2>\n\n\n\n<p>\u00cele d&#8217;Yeu is een <strong> eiland in de Vend\u00e9e<\/strong> dat bereikbaar is vanuit de <strong>haven van Fromentine<\/strong>, op 20 minuten van<a href=\"https:\/\/www.camping-leragis.com\/nl\/\"> camping Le Ragis<\/a> (vertrek het hele jaar door) en vanuit de haven van Saint Gille Croix de Vie (vertrek van april tot september). Het is uniek door de schoonheid van zijn landschappen. Ontdek Port-Joinville, Port de la meule, megalithische vindplaatsen, vuurtorens en beschutte baaien om te zwemmen in kristalhelder water.<\/p>\n\n\n\n<h3 class=\"wp-block-heading\">Een bezoek aan het Ile d&#8217;Yeu<\/h3>\n\n\n\n<p>Het \u00cele d&#8217;Yeu biedt verschillende manieren om het eiland te bezoeken, waarvan de beste volgens ons is om je fietsen mee te nemen of ter plaatse te huren om de 23 km lange Tour de l&#8217;ile te fietsen of de zijwegen te nemen.<\/p>\n<\/div>\n\n\n\n<h3 class=\"wp-block-heading\">Bedrijven voor de overtocht :<\/h3>\n\n\n\n<ul class=\"wp-block-list\">\n<li><a href=\"http:\/\/www.compagnie-yeu-continent.fr\/\" target=\"_blank\" rel=\"noreferrer noopener\">De Yeu Continent Company<\/a> vertrekt het hele jaar door vanuit Fromentine. Tegen een toeslag kun je je eigen fietsen meenemen.<\/li>\n\n\n\n<li><a href=\"http:\/\/www.compagnie-vendeenne.com\/\" target=\"_blank\" rel=\"noreferrer noopener\">De Compagnie Vend\u00e9enne<\/a> vertrekt vanuit Fromentine (45 min), van april tot september en tijdens de feestdagen, of vanuit Saint Gilles Croix de Vie (1 uur), van april tot september.<\/li>\n<\/ul>\n\n\n\n<p> <strong> Toeristenbureau van Ile d&#8217;Yeu<\/strong>: 02 51 58 32 58<\/p>\n\n\n\n<p>Hier is een kaart van het Ile d&#8217;Yeu en de bewegwijzerde routes.<\/p>\n<\/div><figure class=\"wp-block-media-text__media\" style=\"background-image:url(https:\/\/camping-leragis.com\/wp-content\/uploads\/2024\/01\/ile-d-yeu-cote-rocheuse-1024x683.jpg);background-position:50% 50%\"><img loading=\"lazy\" decoding=\"async\" width=\"1024\" height=\"683\" src=\"https:\/\/camping-leragis.com\/wp-content\/uploads\/2024\/01\/ile-d-yeu-cote-rocheuse-1024x683.jpg\" alt=\"\" class=\"wp-image-9399 size-full\" srcset=\"https:\/\/camping-leragis.com\/wp-content\/uploads\/2024\/01\/ile-d-yeu-cote-rocheuse-1024x683.jpg 1024w, https:\/\/camping-leragis.com\/wp-content\/uploads\/2024\/01\/ile-d-yeu-cote-rocheuse-300x200.jpg 300w, https:\/\/camping-leragis.com\/wp-content\/uploads\/2024\/01\/ile-d-yeu-cote-rocheuse-768x512.jpg 768w, https:\/\/camping-leragis.com\/wp-content\/uploads\/2024\/01\/ile-d-yeu-cote-rocheuse.jpg 1200w\" sizes=\"auto, (max-width: 1024px) 100vw, 1024px\" \/><\/figure><\/div>\n\n\n\n<div class=\"wp-block-media-text alignfull is-stacked-on-mobile is-image-fill has-background\" style=\"background-color:#e3982024;padding-top:var(--wp--preset--spacing--30);padding-right:5%;padding-bottom:var(--wp--preset--spacing--30);padding-left:5%\"><figure class=\"wp-block-media-text__media\" style=\"background-image:url(https:\/\/camping-leragis.com\/wp-content\/uploads\/2023\/11\/ile-d-yeu-vue-aerienne-port-joinville.jpg);background-position:50% 50%\"><img loading=\"lazy\" decoding=\"async\" width=\"800\" height=\"533\" src=\"https:\/\/camping-leragis.com\/wp-content\/uploads\/2023\/11\/ile-d-yeu-vue-aerienne-port-joinville.jpg\" alt=\"ile d'yeu vue du ciel\" class=\"wp-image-8858 size-full\" srcset=\"https:\/\/camping-leragis.com\/wp-content\/uploads\/2023\/11\/ile-d-yeu-vue-aerienne-port-joinville.jpg 800w, https:\/\/camping-leragis.com\/wp-content\/uploads\/2023\/11\/ile-d-yeu-vue-aerienne-port-joinville-300x200.jpg 300w, https:\/\/camping-leragis.com\/wp-content\/uploads\/2023\/11\/ile-d-yeu-vue-aerienne-port-joinville-768x512.jpg 768w\" sizes=\"auto, (max-width: 800px) 100vw, 800px\" \/><\/figure><div class=\"wp-block-media-text__content\">\n<h2 class=\"wp-block-heading\">  Wat te zien op Yeu eiland<\/h2>\n\n\n\n<ul class=\"wp-block-list\">\n<li><strong>Bezoek de monumenten<\/strong>: Le Phare de la Petite Foule of Grand Phare, Le Vieux Ch\u00e2teau, La Citadelle en het Bois de Pierre Lev\u00e9e,<\/li>\n\n\n\n<li><strong>Musea<\/strong>: Abri du Marin &#8211; Visserijmuseum &#8211; Reddingsbootmuseum,<\/li>\n\n\n\n<li><strong>Prehistorische vindplaatsen<\/strong>: Dolmen des petits Fradets (circa 3000 v.Chr.), Dolmen de la Planche \u00e0 Puare (circa 3000 v.Chr.), Pierre de La Roche aux Fras,<\/li>\n\n\n\n<li><strong>Natuurgebieden<\/strong> (Pointe du But, Pointe du Ch\u00e2telet en strand Sabias, Port de la Meule, Pointe des Corbeaux, noordoostkust)<\/li>\n<\/ul>\n\n\n\n<p>Er zijn verschillende manieren om deze plaatsen te bezoeken: rondleidingen, begeleide excursies, over zee en door de lucht.<\/p>\n\n\n\n<ul class=\"wp-block-list\">\n<li>Wandeltochten,<\/li>\n\n\n\n<li>Fietsen: raadpleeg <a href=\"http:\/\/www.ile-yeu.fr\/\" target=\"_blank\" rel=\"noreferrer noopener\">de website van \u00cele d&#8217;Yeu<\/a> voor kaarten met bewegwijzerde routes.<\/li>\n<\/ul>\n\n\n\n<p>Voor fietsverhuur is het veiliger om vooraf te reserveren tijdens het seizoen &#8230;.<\/p>\n\n\n\n<p>Fietsverhuur in Port-Joinville: Autos Cantin :02 51 58 48 00, Good Bike 07 82 22 89 15, L&#8217;Autob\u00e9cane 02 51 58 70 42, La Clinique du V\u00e9lo 02 51 58 73 67, V\u00e9loya 02 51 58 56 89, La Roue Libre 02 51 59 20 70, V\u00e9lo Prom&#8217;nade 02 51 58 43 22, La Trottinette 02 51 58 31 06, Le Bi-Clown 02 51 58 70 77.<\/p>\n\n\n\n<div style=\"height:8px\" aria-hidden=\"true\" class=\"wp-block-spacer\"><\/div>\n<\/div><\/div>\n\n\n\n<div class=\"wp-block-media-text alignfull has-media-on-the-right is-stacked-on-mobile is-image-fill\" style=\"padding-top:var(--wp--preset--spacing--30);padding-right:5%;padding-bottom:var(--wp--preset--spacing--30);padding-left:5%\"><div class=\"wp-block-media-text__content\">\n<div style=\"height:11px\" aria-hidden=\"true\" class=\"wp-block-spacer\"><\/div>\n\n\n\n<h3 class=\"wp-block-heading\">Activiteiten op Yeu-eiland<\/h3>\n\n\n\n<ul class=\"wp-block-list\">\n<li><strong>Sport<\/strong>  Manege Les Violettes (02 51 58 74 00), Ile Evasion Yeu (06 64 48 30 00), Minigolfbaan Le Jardin du Loup Blanc (02 51 26 07 37), L&#8217;\u00c2ne et l&#8217;\u00eele (06 12 19 72 03), Tennis Club Islais (02 51 59 42 42), Tennis Evasion (06 68 00 10 50), AAE Parachutisme (06 11 01 64 70).<\/li>\n\n\n\n<li><strong>Watersportactiviteiten<\/strong>  Ile Evasion Yeu (06 64 48 30 00), Freesurf School (06 60 59 99 44), CAVAL Kayak (02 51 58 35 71), Erwann Dureau &#8211; Visgids (06 77 62 27 34), L&#8217;Embrun (02 28 11 21 37), Nautilus Plong\u00e9e (06 07 53 22 11), Sub&#8217;Evasion (02 51 58 59 59), Voile Yeu (06 62 69 40 00), Yacht Club de l&#8217;\u00eele d&#8217;Yeu (02 51 58 31 50).<\/li>\n\n\n\n<li><strong>Vrije tijd<\/strong>: Port-Joinville bibliotheek, Saint Sauveur bibliotheek, Ponant bibliotheek, Le Cin\u00e9 Islais 50 m van de Port Joinville kerk (02 51 58 38 91).<\/li>\n\n\n\n<li><strong>Creatieve workshops\/activiteiten voor kinderen<\/strong>  Marie BATHELLIER Schilderworkshop voor kinderen (06 73 34 10 13), Marianne NINEY Keramiekworkshop en -tentoonstelling (06 73 69 77 60), \u00eele \u00e9tait une fois Boekhandel, tearoom (02 51 58 82 67), Just Dance-avonden (Le Casino 85350 L&#8217;ILE D YEU)<\/li>\n<\/ul>\n\n\n\n<p><\/p>\n<\/div><figure class=\"wp-block-media-text__media\" style=\"background-image:url(https:\/\/camping-leragis.com\/wp-content\/uploads\/2023\/11\/ile-d-yeu-port-joinville-bateaux-1024x683.jpg);background-position:75% 56%\"><img loading=\"lazy\" decoding=\"async\" width=\"1024\" height=\"683\" src=\"https:\/\/camping-leragis.com\/wp-content\/uploads\/2023\/11\/ile-d-yeu-port-joinville-bateaux-1024x683.jpg\" alt=\"ile d'yeu port joinville\" class=\"wp-image-8455 size-full\" srcset=\"https:\/\/camping-leragis.com\/wp-content\/uploads\/2023\/11\/ile-d-yeu-port-joinville-bateaux-1024x683.jpg 1024w, https:\/\/camping-leragis.com\/wp-content\/uploads\/2023\/11\/ile-d-yeu-port-joinville-bateaux-300x200.jpg 300w, https:\/\/camping-leragis.com\/wp-content\/uploads\/2023\/11\/ile-d-yeu-port-joinville-bateaux-768x512.jpg 768w, https:\/\/camping-leragis.com\/wp-content\/uploads\/2023\/11\/ile-d-yeu-port-joinville-bateaux.jpg 1200w\" sizes=\"auto, (max-width: 1024px) 100vw, 1024px\" \/><\/figure><\/div>\n\n\n\n<div style=\"height:20px\" aria-hidden=\"true\" class=\"wp-block-spacer\"><\/div>\n\n\n\n<div class=\"wp-block-group alignfull has-background is-layout-constrained wp-container-core-group-is-layout-c4ee54b8 wp-block-group-is-layout-constrained\" style=\"background-color:#e3982024;padding-top:var(--wp--preset--spacing--30);padding-right:5%;padding-bottom:var(--wp--preset--spacing--30);padding-left:5%\">\n<h2 class=\"wp-block-heading has-text-align-center\">Catering<\/h2>\n\n\n\n<p class=\"has-text-align-center\">Er zijn verschillende restaurants op het eiland om uit te kiezen<\/p>\n\n\n\n<div class=\"wp-block-columns alignfull is-layout-flex wp-container-core-columns-is-layout-a9d98ab9 wp-block-columns-is-layout-flex\" style=\"padding-right:5%;padding-left:5%\">\n<div class=\"wp-block-column is-layout-flow wp-block-column-is-layout-flow\">\n<p><strong>Traditionele restaurants<\/strong>:<\/p>\n\n\n\n<ul class=\"wp-block-list\">\n<li><strong>Port-Joinville<\/strong>: L&#8217;Amporelle (02 51 59 35 66), Le Gavroche (02 51 58 78 88), Le Malougo (02 28 11 22 43), Le P\u00e8re Raballand (02 51 26 02 77), Le 09 Rue Georgette (02 51 26 01 61).<\/li>\n\n\n\n<li><strong>Ker Chalon<\/strong>: Le Jardin du Loup Blanc (02 51 26 07 37).<\/li>\n\n\n\n<li><strong>Les Sapins <\/strong>: Restaurant du Yacht Club (02 51 58 07 07).<\/li>\n<\/ul>\n\n\n\n<p><strong>Restaurants voor fijnproevers<\/strong>:<\/p>\n\n\n\n<ul class=\"wp-block-list\">\n<li><strong>Port-Joinville<\/strong>: Les Bafouettes (02 51 59 38 38), Le Port Baron (02 51 59 15 88).<\/li>\n<\/ul>\n\n\n\n<p><strong>Creperies<\/strong><\/p>\n\n\n\n<ul class=\"wp-block-list\">\n<li><strong>Port-Joinville <\/strong>: Cr\u00eaperie Martin (02 51 58 52 68), L&#8217;Amporelle (02 51 59 35 66), La Cr\u00eaperie Bleue (02 51 58 71 95), La Cr\u00eaperie du Port (02 51 26 51 45).<\/li>\n<\/ul>\n\n\n\n<p><strong>Pizzeria  <\/strong><\/p>\n\n\n\n<ul class=\"wp-block-list\">\n<li><strong>Port-Joinville<\/strong>: Le Gavroche (02 51 58 78 88), Le Mille P\u00e2tes (02 51 58 79 79).<\/li>\n<\/ul>\n<\/div>\n\n\n\n<div class=\"wp-block-column is-layout-flow wp-block-column-is-layout-flow\">\n<p><strong>Fast food<\/strong><\/p>\n\n\n\n<ul class=\"wp-block-list\">\n<li><strong>Vanuit Port-Joinville<\/strong>: Croc&#8217;Oya (06 81 52 36 40).<\/li>\n<\/ul>\n\n\n\n<p><strong>Traiteurs<\/strong><\/p>\n\n\n\n<ul class=\"wp-block-list\">\n<li><strong>Port-Joinville<\/strong>: Charcuterie &#8211; Traiteur La Royale (02 51 58 74 28).<\/li>\n\n\n\n<li><strong>Uitgang Port-Joinville<\/strong>: Conserverie Hennequin (02 51 58 38 16), Saveurs islaises (02 28 11 49 98).<\/li>\n<\/ul>\n\n\n\n<p><strong>Bar-caf\u00e9s :<\/strong><\/p>\n\n\n\n<ul class=\"wp-block-list\">\n<li><strong>Port-Joinville<\/strong>: Caf\u00e9 L&#8217;Escadrille (02 51 58 13 85).<\/li>\n<\/ul>\n\n\n\n<p><strong>Tearoom<\/strong><\/p>\n\n\n\n<ul class=\"wp-block-list\">\n<li><strong>Port-Joinville<\/strong>: \u00cele \u00e9tait une fois (02 51 58 82 67).<\/li>\n<\/ul>\n\n\n\n<p>Reserveer uw <a href=\"https:\/\/camping-leragis.com\/hebergements\/\" data-type=\"page\" data-id=\"8046\">stacaravan<\/a> in de Vend\u00e9e (of chalet) of uw <a href=\"https:\/\/camping-leragis.com\/emplacements\/\" data-type=\"page\" data-id=\"8050\">staanplaats op camping Le Ragis<\/a> bij Ile d&#8217;Yeu op 02 51 68 08 49.<\/p>\n<\/div>\n<\/div>\n<\/div>\n\n\n<div class=\"wp-block-sev-diaporama alignfull\">\t\t\t<div id=\"sevgallery-2279703505\" class=\"sev-diaporama sev-diaporama-portfolio\">\n\t\t\t<div class=\"row\">\n\n\t\t\t\n\t\t\t\t\n\t\t\t\t<div class=\"sev-diaporama-portfolio-item col-12 col-sm  col-shrink\">\n\n\t\t\t\t\t\t\t\t\t\t<a href=\"https:\/\/camping-leragis.com\/wp-content\/uploads\/2023\/11\/ile-d-yeu-vue-aerienne-port-joinville.jpg\" data-lightbox=\"sevgallery-2279703505\" style=\"background-image: url(https:\/\/camping-leragis.com\/wp-content\/uploads\/2023\/11\/ile-d-yeu-vue-aerienne-port-joinville.jpg)\">\n\t\t\t\t\t\t\t\t\t\t\t<img decoding=\"async\" src=\"https:\/\/camping-leragis.com\/wp-content\/uploads\/2023\/11\/ile-d-yeu-vue-aerienne-port-joinville.jpg\" alt=\"ile d&#039;yeu vue du ciel\" loading=\"lazy\">\n\t\t\t\t\t\t\t\t\t\t<\/a>\n\t\t\t\t\t\t\t\t\t<\/div>\n\n\t\t\t\t\n\t\t\t\t\t\t\t\t\t\t\t\n\t\t\t\t\n\t\t\t\t<div class=\"sev-diaporama-portfolio-item col-12 col-sm  col-shrink\">\n\n\t\t\t\t\t\t\t\t\t\t<a href=\"https:\/\/camping-leragis.com\/wp-content\/uploads\/2023\/11\/ile-d-yeu-IMG_8438.jpg\" data-lightbox=\"sevgallery-2279703505\" style=\"background-image: url(https:\/\/camping-leragis.com\/wp-content\/uploads\/2023\/11\/ile-d-yeu-IMG_8438.jpg)\">\n\t\t\t\t\t\t\t\t\t\t\t<img decoding=\"async\" src=\"https:\/\/camping-leragis.com\/wp-content\/uploads\/2023\/11\/ile-d-yeu-IMG_8438.jpg\" alt=\"chateau de l&#039;ile d&#039;yeu\" loading=\"lazy\">\n\t\t\t\t\t\t\t\t\t\t<\/a>\n\t\t\t\t\t\t\t\t\t<\/div>\n\n\t\t\t\t\n\t\t\t\t\t\t\t\t\t\t\t\n\t\t\t\t\n\t\t\t\t<div class=\"sev-diaporama-portfolio-item col-12 col-sm  col-grow\">\n\n\t\t\t\t\t\t\t\t\t\t<a href=\"https:\/\/camping-leragis.com\/wp-content\/uploads\/2023\/11\/ile-d-yeu-IMG_8494.jpg\" data-lightbox=\"sevgallery-2279703505\" style=\"background-image: url(https:\/\/camping-leragis.com\/wp-content\/uploads\/2023\/11\/ile-d-yeu-IMG_8494.jpg)\">\n\t\t\t\t\t\t\t\t\t\t\t<img decoding=\"async\" src=\"https:\/\/camping-leragis.com\/wp-content\/uploads\/2023\/11\/ile-d-yeu-IMG_8494.jpg\" alt=\"port de joinville \u00e0 l&#039;ile d&#039;yeu\" loading=\"lazy\">\n\t\t\t\t\t\t\t\t\t\t<\/a>\n\t\t\t\t\t\t\t\t\t<\/div>\n\n\t\t\t\t\t\t\t\t\t<div class=\"w-100\"><\/div>\n\t\t\t\t\t\t\t\t\t\n\t\t\t\t\t\t\t\t\t\t\t\n\t\t\t\t\n\t\t\t\t<div class=\"sev-diaporama-portfolio-item col-12 col-sm  col-shrink\">\n\n\t\t\t\t\t\t\t\t\t\t<a href=\"https:\/\/camping-leragis.com\/wp-content\/uploads\/2023\/11\/ile-d-yeu-IMG_8364.jpg\" data-lightbox=\"sevgallery-2279703505\" style=\"background-image: url(https:\/\/camping-leragis.com\/wp-content\/uploads\/2023\/11\/ile-d-yeu-IMG_8364.jpg)\">\n\t\t\t\t\t\t\t\t\t\t\t<img decoding=\"async\" src=\"https:\/\/camping-leragis.com\/wp-content\/uploads\/2023\/11\/ile-d-yeu-IMG_8364.jpg\" alt=\"ile d&#039;yeu\" loading=\"lazy\">\n\t\t\t\t\t\t\t\t\t\t<\/a>\n\t\t\t\t\t\t\t\t\t<\/div>\n\n\t\t\t\t\n\t\t\t\t\t\t\t\t\t\t\t\n\t\t\t\t\n\t\t\t\t<div class=\"sev-diaporama-portfolio-item col-12 col-sm \">\n\n\t\t\t\t\t\t\t\t\t\t<a href=\"https:\/\/camping-leragis.com\/wp-content\/uploads\/2023\/11\/ile-d-yeu-cote-rocheuse-plage-fleur.jpg\" data-lightbox=\"sevgallery-2279703505\" style=\"background-image: url(https:\/\/camping-leragis.com\/wp-content\/uploads\/2023\/11\/ile-d-yeu-cote-rocheuse-plage-fleur.jpg)\">\n\t\t\t\t\t\t\t\t\t\t\t<img decoding=\"async\" src=\"https:\/\/camping-leragis.com\/wp-content\/uploads\/2023\/11\/ile-d-yeu-cote-rocheuse-plage-fleur.jpg\" alt=\"cote rocheuse ile d&#039;yeu\" loading=\"lazy\">\n\t\t\t\t\t\t\t\t\t\t<\/a>\n\t\t\t\t\t\t\t\t\t<\/div>\n\n\t\t\t\t\n\t\t\t\t\t\t\t\t\t\t\t\t\t\t<\/div>\n\t\t\t<\/div>\n\n\t\t\t<script>\n\t\t\tjQuery(function($) {\n\n\t\t\t\tvar marginPortfolio = function() {\n\n\t\t\t\t\tvar $diapo          = $('#sevgallery-2279703505');\n\t\t\t\t\tvar container_width = $diapo.parent().outerWidth();\n\t\t\t\t\tvar side            = ( $(window).innerWidth() - container_width ) \/ 2;\n\n\t\t\t\t\t$diapo.css( {\n\t\t\t\t\t\t'margin-left': '-' + side + 'px',\n\t\t\t\t\t\t'margin-right': '-' + side + 'px',\n\t\t\t\t\t} );\n\t\t\t\t};\n\n\t\t\t\t$( window ).resize( function() {\n\t\t\t\t\tmarginPortfolio();\n\t\t\t\t} );\n\t\t\t\tmarginPortfolio();\n\t\t\t});\n\t\t\t<\/script>\n\t\t\t<\/div>","protected":false},"excerpt":{"rendered":"<p>Catering Er zijn verschillende restaurants op het eiland om uit te kiezen Traditionele restaurants: Restaurants voor fijnproevers: Creperies Pizzeria Fast food Traiteurs Bar-caf\u00e9s : Tearoom Reserveer uw stacaravan in de Vend\u00e9e (of chalet) of uw staanplaats op camping Le Ragis bij Ile d&#8217;Yeu op 02 51 68 08 49.<\/p>\n","protected":false},"author":2,"featured_media":0,"parent":10038,"menu_order":0,"comment_status":"closed","ping_status":"closed","template":"","meta":{"_seopress_robots_primary_cat":"","_seopress_titles_title":"Ontdek Yeu eiland, de parel van de Atlantische Oceaan","_seopress_titles_desc":"Dit wilde, rotsachtige eiland zal zeker indruk maken. Maak tijdens je verblijf een boottocht naar Saint Gilles croix de vie.","_seopress_robots_index":"","footnotes":""},"class_list":["post-10029","page","type-page","status-publish","hentry"],"_links":{"self":[{"href":"https:\/\/camping-leragis.com\/nl\/wp-json\/wp\/v2\/pages\/10029","targetHints":{"allow":["GET"]}}],"collection":[{"href":"https:\/\/camping-leragis.com\/nl\/wp-json\/wp\/v2\/pages"}],"about":[{"href":"https:\/\/camping-leragis.com\/nl\/wp-json\/wp\/v2\/types\/page"}],"author":[{"embeddable":true,"href":"https:\/\/camping-leragis.com\/nl\/wp-json\/wp\/v2\/users\/2"}],"replies":[{"embeddable":true,"href":"https:\/\/camping-leragis.com\/nl\/wp-json\/wp\/v2\/comments?post=10029"}],"version-history":[{"count":2,"href":"https:\/\/camping-leragis.com\/nl\/wp-json\/wp\/v2\/pages\/10029\/revisions"}],"predecessor-version":[{"id":10284,"href":"https:\/\/camping-leragis.com\/nl\/wp-json\/wp\/v2\/pages\/10029\/revisions\/10284"}],"up":[{"embeddable":true,"href":"https:\/\/camping-leragis.com\/nl\/wp-json\/wp\/v2\/pages\/10038"}],"wp:attachment":[{"href":"https:\/\/camping-leragis.com\/nl\/wp-json\/wp\/v2\/media?parent=10029"}],"curies":[{"name":"wp","href":"https:\/\/api.w.org\/{rel}","templated":true}]}}