{"id":10008,"date":"2023-11-13T16:42:41","date_gmt":"2023-11-13T15:42:41","guid":{"rendered":"https:\/\/camping-leragis.com\/noirmoutier\/"},"modified":"2024-02-27T17:34:21","modified_gmt":"2024-02-27T16:34:21","slug":"noirmoutier","status":"publish","type":"page","link":"https:\/\/camping-leragis.com\/nl\/zee-en-eilanden\/noirmoutier\/","title":{"rendered":"Noirmoutier"},"content":{"rendered":"\n<h2 class=\"wp-block-heading\">6 dingen om te doen in Noirmoutier<\/h2>\n\n\n\n<p>Bezoek <strong>Noirmoutier<\/strong>, een prachtig eiland met unieke landschappen en een schat aan activiteiten en natuurwandelingen om met het hele gezin van te genieten. Je ontdekt <strong>authentieke vissersdorpjes<\/strong>, de sfeer van vissershavens met hun kleurrijke vintage boten en jachthavens met hun prachtige zeilboten. Het eiland Noirmoutier heeft ook tientallen kilometers aan fietspaden die door <strong>zoutmoerassen,<\/strong> dennen- en steeneikenbossen, de kust en gehuchten slingeren. Van Barbatre naar l&#8217;Herbaudi\u00e8re, via de <strong>moulins de la Gu\u00e9rini\u00e8re<\/strong> en <strong>Noirmoutier-en-l&#8217;\u00eele, <\/strong>dit is een gezinsuitstapje in de Vend\u00e9e met frisse zeelucht die op je wacht!  <strong>Noirmoutier<\/strong> is een vrij bijzonder eiland in de Vend\u00e9e omdat het op 2 manieren toegankelijk is: via de brug en via de onderwaterdoorgang die bekend staat als <strong>de Gois<\/strong>. Uw <a href=\"https:\/\/www.camping-leragis.com\/nl\/\">camping Le Ragis<\/a> ligt op 35 km van een van de mooiste eilanden van de <strong>Atlantische kust<\/strong>, dus profiteer optimaal van uw gezinsvakantie in de Vend\u00e9e met een uitstapje naar Noirmoutier!<\/p>\n\n\n\n<div style=\"height:38px\" aria-hidden=\"true\" class=\"wp-block-spacer\"><\/div>\n\n\n\n<div class=\"wp-block-media-text alignfull has-media-on-the-right is-stacked-on-mobile is-image-fill\" style=\"padding-right:5%;padding-left:5%\"><div class=\"wp-block-media-text__content\">\n<h2 class=\"wp-block-heading\">Wat te doen in Noirmoutier<\/h2>\n\n\n\n<h3 class=\"wp-block-heading\">1. De Gois-passage<\/h3>\n\n\n\n<p>Deze passage is te voet of met de auto te bereiken en is 4,5 km lang. Hij is een beetje ongewoon: hij kan onder water worden gezet, wat betekent dat hij alleen bij eb kan worden gebruikt, dat wil zeggen twee keer per dag gedurende 2 tot 3 uur. Controleer de getijdentabellen voordat je erop uittrekt en de markeringen langs de weg hebben al menig onvoorzichtige toerist gered! De Gois is een favoriete plek voor mossel- en kokkelvissers en is een must tijdens je verblijf in Noirmoutier.<\/p>\n\n\n\n<h3 class=\"wp-block-heading\">2. Het bos van Chaise en de pier<\/h3>\n\n\n\n<p>Het Bois de la chaise kijkt uit over de kleine beschutte stranden: Plage des Dames met zijn hutten, Plage des Sableaux en Anse Rouge. Terwijl je over het kustpad wandelt, kun je de huizen van de notabelen van het eiland bewonderen, prachtige stenen woningen in Second Empire-stijl met uitzicht op zee. Kinderen zullen zich vermaken op de vele paden in het bos of op de rotsen op het strand. Aan het einde van de wandeling kun je stoppen voor een drankje op het terras aan zee, tegenover de estacade, een oud ponton dat onlangs is gerestaureerd.<\/p>\n\n\n\n<h3 class=\"wp-block-heading\">3. Noirmoutier en het eiland<\/h3>\n\n\n\n<p>Als toeristisch centrum van het eiland heeft de stad zijn ouderwetse charme behouden. Wandel door de autovrije straten met kunst en ambachtelijke winkeltjes. Je kunt ook een bezoek brengen aan het Ch\u00e2teau de Noirmoutier en zijn kerker, waar verschillende collecties voorwerpen uit het historisch erfgoed van de Vend\u00e9e zijn ondergebracht. Nadat je door de wijk Banzeau bent gereden, de oudste wijk van het eiland met smalle straatjes vol stokrozen, kom je aan in de oude haven om te genieten van een heerlijke cr\u00eape op het terras van een caf\u00e9.<\/p>\n\n\n\n<p><\/p>\n<\/div><figure class=\"wp-block-media-text__media\" style=\"background-image:url(https:\/\/camping-leragis.com\/wp-content\/uploads\/2023\/11\/Anse-Rouge-Noirmoutier-bois-de-la-chaise-DSC_8692.jpg);background-position:50% 50%\"><img loading=\"lazy\" decoding=\"async\" width=\"700\" height=\"449\" src=\"https:\/\/camping-leragis.com\/wp-content\/uploads\/2023\/11\/Anse-Rouge-Noirmoutier-bois-de-la-chaise-DSC_8692.jpg\" alt=\"strand van noirmoutier\" class=\"wp-image-8862 size-full\" srcset=\"https:\/\/camping-leragis.com\/wp-content\/uploads\/2023\/11\/Anse-Rouge-Noirmoutier-bois-de-la-chaise-DSC_8692.jpg 700w, https:\/\/camping-leragis.com\/wp-content\/uploads\/2023\/11\/Anse-Rouge-Noirmoutier-bois-de-la-chaise-DSC_8692-300x192.jpg 300w\" sizes=\"auto, (max-width: 700px) 100vw, 700px\" \/><\/figure><\/div>\n\n\n\n<div class=\"wp-block-media-text alignfull is-stacked-on-mobile is-image-fill has-background\" style=\"background-color:#e3982024;padding-right:5%;padding-left:5%\"><figure class=\"wp-block-media-text__media\" style=\"background-image:url(https:\/\/camping-leragis.com\/wp-content\/uploads\/2023\/11\/Noirmoutier-bois-de-la-chaise-DSC_8717.jpg);background-position:50% 50%\"><img loading=\"lazy\" decoding=\"async\" width=\"700\" height=\"466\" src=\"https:\/\/camping-leragis.com\/wp-content\/uploads\/2023\/11\/Noirmoutier-bois-de-la-chaise-DSC_8717.jpg\" alt=\"boten in noirmoutier\" class=\"wp-image-8861 size-full\" srcset=\"https:\/\/camping-leragis.com\/wp-content\/uploads\/2023\/11\/Noirmoutier-bois-de-la-chaise-DSC_8717.jpg 700w, https:\/\/camping-leragis.com\/wp-content\/uploads\/2023\/11\/Noirmoutier-bois-de-la-chaise-DSC_8717-300x200.jpg 300w\" sizes=\"auto, (max-width: 700px) 100vw, 700px\" \/><\/figure><div class=\"wp-block-media-text__content\">\n<p><\/p>\n\n\n\n<h3 class=\"wp-block-heading\">4. De molens van La Gu\u00e9rini\u00e8re<\/h3>\n\n\n\n<p>Met een prachtig uitzicht over het zuiden van het eiland Noirmoutier vormt het strand een inham met panoramisch uitzicht. Je kunt vissen op het strand van Sables d&#8217;Or.<\/p>\n\n\n\n<h3 class=\"wp-block-heading\">5. Bezoek de zoutpannen en oesterhutten<\/h3>\n\n\n\n<p>Live zout oogsten! Tijdens de gratis rondleidingen, georganiseerd door lokale producenten, kun je ontdekken hoe zout wordt geproduceerd in Noirmoutier. Maak van de gelegenheid gebruik om speciale producten te proeven zoals zeekraal, een moerasplant met een smaak die lijkt op die van een augurk, of fleur de sel, het zout van topkwaliteit. Maak van de gelegenheid gebruik om bij een oesterhut oesters uit Noirmoutier te kopen, beroemd om hun unieke smaak.<\/p>\n\n\n\n<h3 class=\"wp-block-heading\">6. Le Vieil<\/h3>\n\n\n\n<p>Le Vieil is een vissersdorp met smalle straatjes in het noorden van het eiland. Een klein, afgelegen dorp dat authenticiteit, rust en een verandering van omgeving biedt. Niet te missen.<\/p>\n\n\n\n<div class=\"wp-block-group has-background is-layout-constrained wp-container-core-group-is-layout-52009084 wp-block-group-is-layout-constrained\" style=\"background-color:#ffa92030;padding-top:var(--wp--preset--spacing--40);padding-right:var(--wp--preset--spacing--40);padding-bottom:var(--wp--preset--spacing--40);padding-left:var(--wp--preset--spacing--40)\">\n<h4 class=\"wp-block-heading\">Een beetje advies van de Ragis:<\/h4>\n\n\n\n<p>Als je in het seizoen naar het eiland wilt, moet je de camping voor 10 uur &#8217;s ochtends verlaten om te voorkomen dat je vast komt te zitten bij de ingang van het eiland. <strong>De markt van Noirmoutier<\/strong> is erg groot en erg leuk om naartoe te gaan op dinsdag, vrijdag en zondag.<\/p>\n\n\n\n<p><strong>Klein cadeautje:<\/strong><\/p>\n\n\n\n<p><a href=\"https:\/\/www.ile-noirmoutier.com\/fr\/explorer-l-ile\/noirmoutier-en-ile.html\" target=\"_blank\" rel=\"noreferrer noopener\">Jouw toeristische kaart van het eiland Noirmoutier  <\/a><\/p>\n<\/div>\n<\/div><\/div>\n\n\n<div class=\"wp-block-sev-diaporama alignfull\">\t\t\t<div id=\"sevgallery-462270600\" class=\"sev-diaporama sev-diaporama-portfolio\">\n\t\t\t<div class=\"row\">\n\n\t\t\t\n\t\t\t\t\n\t\t\t\t<div class=\"sev-diaporama-portfolio-item col-12 col-sm  col-shrink\">\n\n\t\t\t\t\t\t\t\t\t\t<a href=\"https:\/\/camping-leragis.com\/wp-content\/uploads\/2023\/11\/Bois-de-la-chaise-noirmoutier-IMG_8466.jpg\" data-lightbox=\"sevgallery-462270600\" style=\"background-image: url(https:\/\/camping-leragis.com\/wp-content\/uploads\/2023\/11\/Bois-de-la-chaise-noirmoutier-IMG_8466.jpg)\">\n\t\t\t\t\t\t\t\t\t\t\t<img decoding=\"async\" src=\"https:\/\/camping-leragis.com\/wp-content\/uploads\/2023\/11\/Bois-de-la-chaise-noirmoutier-IMG_8466.jpg\" alt=\"\" loading=\"lazy\">\n\t\t\t\t\t\t\t\t\t\t<\/a>\n\t\t\t\t\t\t\t\t\t<\/div>\n\n\t\t\t\t\n\t\t\t\t\t\t\t\t\t\t\t\n\t\t\t\t\n\t\t\t\t<div class=\"sev-diaporama-portfolio-item col-12 col-sm  col-shrink\">\n\n\t\t\t\t\t\t\t\t\t\t<a href=\"https:\/\/camping-leragis.com\/wp-content\/uploads\/2023\/11\/Estacade-Noirmoutier-DSC_3058.jpg\" data-lightbox=\"sevgallery-462270600\" style=\"background-image: url(https:\/\/camping-leragis.com\/wp-content\/uploads\/2023\/11\/Estacade-Noirmoutier-DSC_3058.jpg)\">\n\t\t\t\t\t\t\t\t\t\t\t<img decoding=\"async\" src=\"https:\/\/camping-leragis.com\/wp-content\/uploads\/2023\/11\/Estacade-Noirmoutier-DSC_3058.jpg\" alt=\"\" loading=\"lazy\">\n\t\t\t\t\t\t\t\t\t\t<\/a>\n\t\t\t\t\t\t\t\t\t<\/div>\n\n\t\t\t\t\n\t\t\t\t\t\t\t\t\t\t\t\n\t\t\t\t\n\t\t\t\t<div class=\"sev-diaporama-portfolio-item col-12 col-sm  col-grow\">\n\n\t\t\t\t\t\t\t\t\t\t<a href=\"https:\/\/camping-leragis.com\/wp-content\/uploads\/2023\/11\/ile-noirmoutier-bateaux-port.jpg\" data-lightbox=\"sevgallery-462270600\" style=\"background-image: url(https:\/\/camping-leragis.com\/wp-content\/uploads\/2023\/11\/ile-noirmoutier-bateaux-port.jpg)\">\n\t\t\t\t\t\t\t\t\t\t\t<img decoding=\"async\" src=\"https:\/\/camping-leragis.com\/wp-content\/uploads\/2023\/11\/ile-noirmoutier-bateaux-port.jpg\" alt=\"bateaux Noirmoutier\" loading=\"lazy\">\n\t\t\t\t\t\t\t\t\t\t<\/a>\n\t\t\t\t\t\t\t\t\t<\/div>\n\n\t\t\t\t\t\t\t\t\t<div class=\"w-100\"><\/div>\n\t\t\t\t\t\t\t\t\t\n\t\t\t\t\t\t\t\t\t\t\t\n\t\t\t\t\n\t\t\t\t<div class=\"sev-diaporama-portfolio-item col-12 col-sm  col-grow\">\n\n\t\t\t\t\t\t\t\t\t\t<a href=\"https:\/\/camping-leragis.com\/wp-content\/uploads\/2023\/11\/IMG_0704.jpg\" data-lightbox=\"sevgallery-462270600\" style=\"background-image: url(https:\/\/camping-leragis.com\/wp-content\/uploads\/2023\/11\/IMG_0704.jpg)\">\n\t\t\t\t\t\t\t\t\t\t\t<img decoding=\"async\" src=\"https:\/\/camping-leragis.com\/wp-content\/uploads\/2023\/11\/IMG_0704.jpg\" alt=\"maison Noirmoutier\" loading=\"lazy\">\n\t\t\t\t\t\t\t\t\t\t<\/a>\n\t\t\t\t\t\t\t\t\t<\/div>\n\n\t\t\t\t\n\t\t\t\t\t\t\t\t\t\t\t\n\t\t\t\t\n\t\t\t\t<div class=\"sev-diaporama-portfolio-item col-12 col-sm \">\n\n\t\t\t\t\t\t\t\t\t\t<a href=\"https:\/\/camping-leragis.com\/wp-content\/uploads\/2023\/11\/IMG_0806.jpg\" data-lightbox=\"sevgallery-462270600\" style=\"background-image: url(https:\/\/camping-leragis.com\/wp-content\/uploads\/2023\/11\/IMG_0806.jpg)\">\n\t\t\t\t\t\t\t\t\t\t\t<img decoding=\"async\" src=\"https:\/\/camping-leragis.com\/wp-content\/uploads\/2023\/11\/IMG_0806.jpg\" alt=\"marais salants Noirmoutier\" loading=\"lazy\">\n\t\t\t\t\t\t\t\t\t\t<\/a>\n\t\t\t\t\t\t\t\t\t<\/div>\n\n\t\t\t\t\n\t\t\t\t\t\t\t\t\t\t\t\t\t\t<\/div>\n\t\t\t<\/div>\n\n\t\t\t<script>\n\t\t\tjQuery(function($) {\n\n\t\t\t\tvar marginPortfolio = function() {\n\n\t\t\t\t\tvar $diapo          = $('#sevgallery-462270600');\n\t\t\t\t\tvar container_width = $diapo.parent().outerWidth();\n\t\t\t\t\tvar side            = ( $(window).innerWidth() - container_width ) \/ 2;\n\n\t\t\t\t\t$diapo.css( {\n\t\t\t\t\t\t'margin-left': '-' + side + 'px',\n\t\t\t\t\t\t'margin-right': '-' + side + 'px',\n\t\t\t\t\t} );\n\t\t\t\t};\n\n\t\t\t\t$( window ).resize( function() {\n\t\t\t\t\tmarginPortfolio();\n\t\t\t\t} );\n\t\t\t\tmarginPortfolio();\n\t\t\t});\n\t\t\t<\/script>\n\t\t\t<\/div>","protected":false},"excerpt":{"rendered":"<p>6 dingen om te doen in Noirmoutier Bezoek Noirmoutier, een prachtig eiland met unieke landschappen en een schat aan activiteiten en natuurwandelingen om met het hele gezin van te genieten. Je ontdekt authentieke vissersdorpjes, de sfeer van vissershavens met hun kleurrijke vintage boten en jachthavens met hun prachtige zeilboten. Het eiland Noirmoutier heeft ook tientallen [&hellip;]<\/p>\n","protected":false},"author":2,"featured_media":0,"parent":10038,"menu_order":0,"comment_status":"closed","ping_status":"closed","template":"","meta":{"_seopress_robots_primary_cat":"","_seopress_titles_title":"Het eiland Noirmoutier op een paar kilometer afstand","_seopress_titles_desc":"Neem de brug of de passage van de Gois om dit prachtige eiland voor een dag te bereiken en geniet optimaal van je verblijf op camping le Ragis.  ","_seopress_robots_index":"","footnotes":""},"class_list":["post-10008","page","type-page","status-publish","hentry"],"_links":{"self":[{"href":"https:\/\/camping-leragis.com\/nl\/wp-json\/wp\/v2\/pages\/10008","targetHints":{"allow":["GET"]}}],"collection":[{"href":"https:\/\/camping-leragis.com\/nl\/wp-json\/wp\/v2\/pages"}],"about":[{"href":"https:\/\/camping-leragis.com\/nl\/wp-json\/wp\/v2\/types\/page"}],"author":[{"embeddable":true,"href":"https:\/\/camping-leragis.com\/nl\/wp-json\/wp\/v2\/users\/2"}],"replies":[{"embeddable":true,"href":"https:\/\/camping-leragis.com\/nl\/wp-json\/wp\/v2\/comments?post=10008"}],"version-history":[{"count":2,"href":"https:\/\/camping-leragis.com\/nl\/wp-json\/wp\/v2\/pages\/10008\/revisions"}],"predecessor-version":[{"id":10283,"href":"https:\/\/camping-leragis.com\/nl\/wp-json\/wp\/v2\/pages\/10008\/revisions\/10283"}],"up":[{"embeddable":true,"href":"https:\/\/camping-leragis.com\/nl\/wp-json\/wp\/v2\/pages\/10038"}],"wp:attachment":[{"href":"https:\/\/camping-leragis.com\/nl\/wp-json\/wp\/v2\/media?parent=10008"}],"curies":[{"name":"wp","href":"https:\/\/api.w.org\/{rel}","templated":true}]}}