{"id":10002,"date":"2023-11-13T16:49:32","date_gmt":"2023-11-13T15:49:32","guid":{"rendered":"https:\/\/camping-leragis.com\/vrije-tijd\/puy-du-fou\/"},"modified":"2024-02-27T17:33:13","modified_gmt":"2024-02-27T16:33:13","slug":"puy-du-fou","status":"publish","type":"page","link":"https:\/\/camping-leragis.com\/nl\/vrije-tijd\/puy-du-fou\/","title":{"rendered":"Puy du Fou"},"content":{"rendered":"\n<h2 class=\"wp-block-heading\">Uw camping dichtbij Puy du Fou<\/h2>\n\n\n\n<p>Tijdens uw <a href=\"https:\/\/www.camping-leragis.com\/nl\/\">verblijf in de Vend\u00e9e<\/a>  Op Camping Le Ragis nodigen we je uit om een dag te reserveren voor het Grand Parcours du Puy du Fou en een avond voor de Cin\u00e9sc\u00e9nie (voor de Cin\u00e9sc\u00e9nie is het raadzaam om ruim van tevoren te reserveren). Je camping ligt op ongeveer een uur van het grote park, dat onlangs in de Verenigde Staten werd bekroond met de Thea Awards 2012. Le Puy du Fou ontving de meest prestigieuze prijs: de &#8220;Thea Classic Award&#8221;. Het is het eerste Franse park dat deze prijs heeft ontvangen.<\/p>\n\n\n\n<p>De geschiedenis van dit park is inderdaad een prachtig verhaal.<\/p>\n\n\n\n<div class=\"wp-block-media-text alignfull is-stacked-on-mobile is-image-fill\" style=\"padding-top:var(--wp--preset--spacing--30);padding-bottom:var(--wp--preset--spacing--30)\"><figure class=\"wp-block-media-text__media\" style=\"background-image:url(https:\/\/camping-leragis.com\/wp-content\/uploads\/2023\/11\/La-renaissance-du-chateau-puy-du-fou-2.jpg);background-position:50% 50%\"><img loading=\"lazy\" decoding=\"async\" width=\"990\" height=\"659\" src=\"https:\/\/camping-leragis.com\/wp-content\/uploads\/2023\/11\/La-renaissance-du-chateau-puy-du-fou-2.jpg\" alt=\"\" class=\"wp-image-8433 size-full\" srcset=\"https:\/\/camping-leragis.com\/wp-content\/uploads\/2023\/11\/La-renaissance-du-chateau-puy-du-fou-2.jpg 990w, https:\/\/camping-leragis.com\/wp-content\/uploads\/2023\/11\/La-renaissance-du-chateau-puy-du-fou-2-300x200.jpg 300w, https:\/\/camping-leragis.com\/wp-content\/uploads\/2023\/11\/La-renaissance-du-chateau-puy-du-fou-2-768x511.jpg 768w\" sizes=\"auto, (max-width: 990px) 100vw, 990px\" \/><\/figure><div class=\"wp-block-media-text__content\">\n<p>Het begon allemaal met de wens van Philippe de Villiers om <strong>het verhaal van de Vend\u00e9e<\/strong> te vertellen.. In 1979 cre\u00eberde hij met de hulp van een handvol vrijwilligers uit de omliggende dorpen de eerste nachtshow, een parallelle activiteit naast het bestaande eco-museum. De show kreeg vorm in de ru\u00efnes van het kasteel van Puy du Fou. Getint met een dosis contrarevolutie verdedigde de vereniging de waarden van familie en traditie en groeide lokaal. Jaar na jaar kwamen er meer en meer mensen, vooral toen het park met zijn vele attracties werd aangelegd (in 1989). Het enorme succes zorgde ervoor dat de Cinescene elk jaar moest verhuizen naar nieuwe locaties: de ru\u00efnes, dan de kerker en uiteindelijk een kerk die werd nagebouwd voor podiumdoeleinden. Elk jaar wordt het podium uitgerust met steeds meer hoogwaardige technische middelen, waardoor het in 2012 werd uitgeroepen tot het beste attractiepark ter wereld.<\/p>\n<\/div><\/div>\n\n\n\n<div class=\"wp-block-media-text alignfull has-media-on-the-right is-stacked-on-mobile is-image-fill has-background\" style=\"background-color:#e3982024;padding-top:var(--wp--preset--spacing--30);padding-bottom:var(--wp--preset--spacing--30)\"><div class=\"wp-block-media-text__content\">\n<p>Vandaag de dag wordt de <strong>Cinesc\u00e9nie<\/strong> belichaamd door 3.400 vrijwilligers die bekend staan als <strong>&#8220;Puyfolais <\/strong>&#8220;. Het vindt plaats op een podium van 23 hectare en brengt 1.200 acteurs, 120 ruiters, 100 technici en 300 mensen samen om het publiek te verwelkomen en de veiligheid te garanderen. Hiervoor zijn 8.000 kostuums, 800 stuks vuurwerk, 8.000 schijnwerpers en 150 30 meter hoge waterstralen nodig. Aanvankelijk werd de show ondersteund door muzikale fragmenten uit het klassieke repertoire, maar vanaf 1982 cre\u00eberden verschillende componisten speciaal voor de Cinesc\u00e9nie de originele muziek van de show: Georges Delerue, Nick Glennie Smith. Met zijn panoramische tribune met 14.000 zitplaatsen verwelkomt de Cin\u00e9sc\u00e9nie bijna 400.000 toeschouwers per jaar voor 28 voorstellingen. Enkele zeer beroemde acteurs leenden hun stem aan de show: Philippe Noiret, Jean Piat, Fran\u00e7ois Chaumette, G\u00e9rard Depardieu, Robert Hosseine, Alain Delon, Michel Duchaussoy, Richard Darbois voor de mannen en Catherine Salviat, Suzanne Flon, Marie Dubois voor de vrouwen.<\/p>\n<\/div><figure class=\"wp-block-media-text__media\" style=\"background-image:url(https:\/\/camping-leragis.com\/wp-content\/uploads\/2023\/11\/La-cinescenie-puy-du-fou-13.jpg);background-position:50% 50%\"><img loading=\"lazy\" decoding=\"async\" width=\"990\" height=\"661\" src=\"https:\/\/camping-leragis.com\/wp-content\/uploads\/2023\/11\/La-cinescenie-puy-du-fou-13.jpg\" alt=\"\" class=\"wp-image-8434 size-full\" srcset=\"https:\/\/camping-leragis.com\/wp-content\/uploads\/2023\/11\/La-cinescenie-puy-du-fou-13.jpg 990w, https:\/\/camping-leragis.com\/wp-content\/uploads\/2023\/11\/La-cinescenie-puy-du-fou-13-300x200.jpg 300w, https:\/\/camping-leragis.com\/wp-content\/uploads\/2023\/11\/La-cinescenie-puy-du-fou-13-768x513.jpg 768w\" sizes=\"auto, (max-width: 990px) 100vw, 990px\" \/><\/figure><\/div>\n\n\n\n<div style=\"height:27px\" aria-hidden=\"true\" class=\"wp-block-spacer\"><\/div>\n\n\n\n<h2 class=\"wp-block-heading\">De grote shows van Puy du Fou<\/h2>\n\n\n\n<div class=\"wp-block-columns alignfull is-layout-flex wp-container-core-columns-is-layout-a9d98ab9 wp-block-columns-is-layout-flex\" style=\"padding-right:5%;padding-left:5%\">\n<div class=\"wp-block-column has-background is-layout-flow wp-block-column-is-layout-flow\" style=\"background-color:#e3982024;padding-top:var(--wp--preset--spacing--40);padding-right:var(--wp--preset--spacing--40);padding-bottom:var(--wp--preset--spacing--40);padding-left:var(--wp--preset--spacing--40)\">\n<figure class=\"wp-block-image size-full\"><img loading=\"lazy\" decoding=\"async\" width=\"990\" height=\"660\" src=\"https:\/\/camping-leragis.com\/wp-content\/uploads\/2023\/11\/Le-signe-du-triomphe-ronde-puy-du-fou-7.jpg\" alt=\"\" class=\"wp-image-8435\" srcset=\"https:\/\/camping-leragis.com\/wp-content\/uploads\/2023\/11\/Le-signe-du-triomphe-ronde-puy-du-fou-7.jpg 990w, https:\/\/camping-leragis.com\/wp-content\/uploads\/2023\/11\/Le-signe-du-triomphe-ronde-puy-du-fou-7-300x200.jpg 300w, https:\/\/camping-leragis.com\/wp-content\/uploads\/2023\/11\/Le-signe-du-triomphe-ronde-puy-du-fou-7-768x512.jpg 768w\" sizes=\"auto, (max-width: 990px) 100vw, 990px\" \/><\/figure>\n\n\n\n<p class=\"has-text-align-center\"><strong>Het teken van Triomf<\/strong><\/p>\n\n\n\n<p>Voor deze show krijg je toegang tot een echte <strong>Gallo-Romeinse arena<\/strong>, waar je wordt ondergedompeld in de sfeer van de <strong> circusspelen in Rome<\/strong>. De show toont een groep Galli\u00ebrs die veroordeeld zijn om deel te nemen aan verschillende beproevingen om hun leven te redden. De Romeinse gouverneur op zijn podium leidt de spelen. Gedurende de hele show wordt het publiek op zijn tenen gehouden in een uitzinnige sfeer. De verschillende gebeurtenissen zijn stuk voor stuk even indrukwekkend en combineren actie en humor in een reeks technische hoogstandjes, zoals het spannen van een perkament over het publiek. Er zijn drie voorstellingen per dag van de show <strong>&#8220;Le signe du triomphe<\/strong>&#8220;. Er is dus genoeg ruimte voor iedereen op de dag.<\/p>\n<\/div>\n\n\n\n<div class=\"wp-block-column is-layout-flow wp-block-column-is-layout-flow\" style=\"padding-top:var(--wp--preset--spacing--40);padding-right:var(--wp--preset--spacing--40);padding-bottom:var(--wp--preset--spacing--40);padding-left:var(--wp--preset--spacing--40)\">\n<figure class=\"wp-block-image size-full\"><img loading=\"lazy\" decoding=\"async\" width=\"990\" height=\"660\" src=\"https:\/\/camping-leragis.com\/wp-content\/uploads\/2023\/11\/Les-vickings-puy-du-fou-5.jpg\" alt=\"\" class=\"wp-image-8436\" srcset=\"https:\/\/camping-leragis.com\/wp-content\/uploads\/2023\/11\/Les-vickings-puy-du-fou-5.jpg 990w, https:\/\/camping-leragis.com\/wp-content\/uploads\/2023\/11\/Les-vickings-puy-du-fou-5-300x200.jpg 300w, https:\/\/camping-leragis.com\/wp-content\/uploads\/2023\/11\/Les-vickings-puy-du-fou-5-768x512.jpg 768w\" sizes=\"auto, (max-width: 990px) 100vw, 990px\" \/><\/figure>\n\n\n\n<p class=\"has-text-align-center\"><strong>De Vikingen<\/strong><\/p>\n\n\n\n<p>Deze show brengt een <strong>Vikingaanval op het Fort<\/strong> in het jaar 1000 tot leven, met een stortvloed aan speciale effecten. We vertellen je het aangrijpende verhaal van de held die het onmogelijke trotseert om de indringers af te slaan! Les Vikings (3.000 tot 3.500 zitplaatsen): De show bevat  <strong>echte beursschepen<\/strong>  20 meter lang en 10 meter hoog, met 50 dieren, 30 acteurs en 10 gasten, entertainment met vuureffecten &#8211; zo erg dat je de hitte op de tribunes kunt voelen &#8211; en adembenemende watervallen van 22 meter hoog. Een geweldige show!<\/p>\n<\/div>\n\n\n\n<div class=\"wp-block-column has-background is-layout-flow wp-block-column-is-layout-flow\" style=\"background-color:#e3982024;padding-top:var(--wp--preset--spacing--40);padding-right:var(--wp--preset--spacing--40);padding-bottom:var(--wp--preset--spacing--40);padding-left:var(--wp--preset--spacing--40)\">\n<figure class=\"wp-block-image size-full\"><img loading=\"lazy\" decoding=\"async\" width=\"990\" height=\"660\" src=\"https:\/\/camping-leragis.com\/wp-content\/uploads\/2023\/11\/Le-bal-des-oiseaux-fantomes-puy-du-fou-2.jpg\" alt=\"\" class=\"wp-image-8437\" srcset=\"https:\/\/camping-leragis.com\/wp-content\/uploads\/2023\/11\/Le-bal-des-oiseaux-fantomes-puy-du-fou-2.jpg 990w, https:\/\/camping-leragis.com\/wp-content\/uploads\/2023\/11\/Le-bal-des-oiseaux-fantomes-puy-du-fou-2-300x200.jpg 300w, https:\/\/camping-leragis.com\/wp-content\/uploads\/2023\/11\/Le-bal-des-oiseaux-fantomes-puy-du-fou-2-768x512.jpg 768w\" sizes=\"auto, (max-width: 990px) 100vw, 990px\" \/><\/figure>\n\n\n\n<p class=\"has-text-align-center\"><strong>De spookvogelbal<\/strong><\/p>\n\n\n\n<p>In deze prachtige show maak je kennis met Alienor, de valkenier, en haar vrienden. Tijdens deze betoverende show, die zich afspeelt in de tijd van de versterkte kastelen, word je overvlogen door een horde vogels: adelaars, valken, gieren, wouwen en, nog verrassender, uilen, pelikanen, ooievaars&#8230; die allemaal een waar luchtballet opvoeren. Sommige, zoals de gieren, strijken met hun enorme vleugels tegen je aan. Indrukwekkend!<br>Het Bal des Oiseaux Fant\u00f4mes heeft een capaciteit van 3.000 en er vliegen meer dan 200 roofvogels en steltlopers, waaronder 150 tegelijkertijd. De soundtrack van de show komt voornamelijk van het album Illusions van Thomas Bergersen (fragment uit Immortal tijdens de dans van de actrices tussen de vogels).<\/p>\n<\/div>\n<\/div>\n\n\n\n<div class=\"wp-block-columns alignfull is-layout-flex wp-container-core-columns-is-layout-a9d98ab9 wp-block-columns-is-layout-flex\" style=\"padding-right:5%;padding-left:5%\">\n<div class=\"wp-block-column is-layout-flow wp-block-column-is-layout-flow\" style=\"padding-top:var(--wp--preset--spacing--40);padding-right:var(--wp--preset--spacing--40);padding-bottom:var(--wp--preset--spacing--40);padding-left:var(--wp--preset--spacing--40)\">\n<figure class=\"wp-block-image size-full\"><img loading=\"lazy\" decoding=\"async\" width=\"990\" height=\"660\" src=\"https:\/\/camping-leragis.com\/wp-content\/uploads\/2023\/11\/Le-secret-de-la-lance-ronde-puy-du-fou-8.jpg\" alt=\"\" class=\"wp-image-8438\" srcset=\"https:\/\/camping-leragis.com\/wp-content\/uploads\/2023\/11\/Le-secret-de-la-lance-ronde-puy-du-fou-8.jpg 990w, https:\/\/camping-leragis.com\/wp-content\/uploads\/2023\/11\/Le-secret-de-la-lance-ronde-puy-du-fou-8-300x200.jpg 300w, https:\/\/camping-leragis.com\/wp-content\/uploads\/2023\/11\/Le-secret-de-la-lance-ronde-puy-du-fou-8-768x512.jpg 768w\" sizes=\"auto, (max-width: 990px) 100vw, 990px\" \/><\/figure>\n\n\n\n<p class=\"has-text-align-center\"><strong>Het geheim van de speer<\/strong><\/p>\n\n\n\n<p>&#8220;Le Secret de la Lance&#8221; is een show die plaats biedt aan 3500 tot 4000 mensen.  <\/p>\n\n\n\n<p>In de <sup>15e<\/sup> eeuw gebruikt Margueritte, een jong boerenmeisje, een speer met magische krachten die ze van Jeanne d&#8217;Arc heeft gekregen om de Engelsen te verslaan. Marguerite gaat de uitdaging aan en verijdelt de valstrikken van de ridders door de krachten van de speer te gebruiken.<\/p>\n\n\n\n<p>De show wordt gespeeld op originele muziek van componist Carlos Nunez.<\/p>\n<\/div>\n\n\n\n<div class=\"wp-block-column has-background is-layout-flow wp-block-column-is-layout-flow\" style=\"background-color:#e3982024;padding-top:var(--wp--preset--spacing--40);padding-right:var(--wp--preset--spacing--40);padding-bottom:var(--wp--preset--spacing--40);padding-left:var(--wp--preset--spacing--40)\">\n<figure class=\"wp-block-image size-full\"><img loading=\"lazy\" decoding=\"async\" width=\"990\" height=\"660\" src=\"https:\/\/camping-leragis.com\/wp-content\/uploads\/2023\/11\/Mousquetaire-de-richelieu-puy-du-fou-10.jpg\" alt=\"\" class=\"wp-image-8440\" srcset=\"https:\/\/camping-leragis.com\/wp-content\/uploads\/2023\/11\/Mousquetaire-de-richelieu-puy-du-fou-10.jpg 990w, https:\/\/camping-leragis.com\/wp-content\/uploads\/2023\/11\/Mousquetaire-de-richelieu-puy-du-fou-10-300x200.jpg 300w, https:\/\/camping-leragis.com\/wp-content\/uploads\/2023\/11\/Mousquetaire-de-richelieu-puy-du-fou-10-768x512.jpg 768w\" sizes=\"auto, (max-width: 990px) 100vw, 990px\" \/><\/figure>\n\n\n\n<p class=\"has-text-align-center\"><strong>De musketier van Richelieu<\/strong><\/p>\n\n\n\n<p>De &#8220;Mousquetaire de Richelieu&#8221; met 3.000 zitplaatsen biedt uniek entertainment, met indrukwekkende zwaardduels onder leiding van de grootste schermmeesters, opwindende flamencoballet en ruiterstunts.<\/p>\n\n\n\n<p>De actie speelt zich af in de <sup>17e<\/sup> eeuw op het 2.000 m\u00b2 grote podium van de Grand Caroussel, met originele muziek gecomponeerd door Nick Glennie Smith.<\/p>\n<\/div>\n\n\n\n<div class=\"wp-block-column is-layout-flow wp-block-column-is-layout-flow\" style=\"padding-top:var(--wp--preset--spacing--40);padding-right:var(--wp--preset--spacing--40);padding-bottom:var(--wp--preset--spacing--40);padding-left:var(--wp--preset--spacing--40)\">\n<figure class=\"wp-block-image size-full is-resized\"><img loading=\"lazy\" decoding=\"async\" width=\"990\" height=\"532\" src=\"https:\/\/camping-leragis.com\/wp-content\/uploads\/2023\/11\/Les-noces-de-feu-puy-du-fou-4.jpg\" alt=\"\" class=\"wp-image-8439\" style=\"aspect-ratio:3\/2;object-fit:cover;width:471px;height:auto\" srcset=\"https:\/\/camping-leragis.com\/wp-content\/uploads\/2023\/11\/Les-noces-de-feu-puy-du-fou-4.jpg 990w, https:\/\/camping-leragis.com\/wp-content\/uploads\/2023\/11\/Les-noces-de-feu-puy-du-fou-4-300x161.jpg 300w, https:\/\/camping-leragis.com\/wp-content\/uploads\/2023\/11\/Les-noces-de-feu-puy-du-fou-4-768x413.jpg 768w\" sizes=\"auto, (max-width: 990px) 100vw, 990px\" \/><\/figure>\n\n\n\n<p class=\"has-text-align-center\"><strong>Organen van vuur<\/strong><\/p>\n\n\n\n<p>Het is een nachtelijke show die speelt met onze verbeelding: in een fantasmagorische wereld glijden wezens, nimfen, kabouters en ballerina&#8217;s, begeleid door muzikanten, over het water op de muziek van Mozart, Bach, Bizet en Delerue.<\/p>\n\n\n\n<p>Deze duik in een magische wereld zal je betoveren!<\/p>\n<\/div>\n<\/div>\n\n\n<div class=\"wp-block-sev-diaporama alignfull\">\t\t\t<div id=\"sevgallery-2662756685\" class=\"sev-diaporama sev-diaporama-portfolio\">\n\t\t\t<div class=\"row\">\n\n\t\t\t\n\t\t\t\t\n\t\t\t\t<div class=\"sev-diaporama-portfolio-item col-12 col-sm \">\n\n\t\t\t\t\t\t\t\t\t\t<a href=\"https:\/\/camping-leragis.com\/wp-content\/uploads\/2023\/11\/LaRoseraie-puy-du-fou-2.jpg\" data-lightbox=\"sevgallery-2662756685\" style=\"background-image: url(https:\/\/camping-leragis.com\/wp-content\/uploads\/2023\/11\/LaRoseraie-puy-du-fou-2.jpg)\">\n\t\t\t\t\t\t\t\t\t\t\t<img decoding=\"async\" src=\"https:\/\/camping-leragis.com\/wp-content\/uploads\/2023\/11\/LaRoseraie-puy-du-fou-2.jpg\" alt=\"le puy du fou\" loading=\"lazy\">\n\t\t\t\t\t\t\t\t\t\t<\/a>\n\t\t\t\t\t\t\t\t\t<\/div>\n\n\t\t\t\t\n\t\t\t\t\t\t\t\t\t\t\t\n\t\t\t\t\n\t\t\t\t<div class=\"sev-diaporama-portfolio-item col-12 col-sm  col-grow\">\n\n\t\t\t\t\t\t\t\t\t\t<a href=\"https:\/\/camping-leragis.com\/wp-content\/uploads\/2023\/11\/Le-Dernier-Panache-puy-du-fou-2.jpg\" data-lightbox=\"sevgallery-2662756685\" style=\"background-image: url(https:\/\/camping-leragis.com\/wp-content\/uploads\/2023\/11\/Le-Dernier-Panache-puy-du-fou-2.jpg)\">\n\t\t\t\t\t\t\t\t\t\t\t<img decoding=\"async\" src=\"https:\/\/camping-leragis.com\/wp-content\/uploads\/2023\/11\/Le-Dernier-Panache-puy-du-fou-2.jpg\" alt=\"le puy du fou\" loading=\"lazy\">\n\t\t\t\t\t\t\t\t\t\t<\/a>\n\t\t\t\t\t\t\t\t\t<\/div>\n\n\t\t\t\t\n\t\t\t\t\t\t\t\t\t\t\t\n\t\t\t\t\n\t\t\t\t<div class=\"sev-diaporama-portfolio-item col-12 col-sm \">\n\n\t\t\t\t\t\t\t\t\t\t<a href=\"https:\/\/camping-leragis.com\/wp-content\/uploads\/2023\/11\/LeLabyrinthedesAnimaux-puy-du-fou-4.jpg\" data-lightbox=\"sevgallery-2662756685\" style=\"background-image: url(https:\/\/camping-leragis.com\/wp-content\/uploads\/2023\/11\/LeLabyrinthedesAnimaux-puy-du-fou-4.jpg)\">\n\t\t\t\t\t\t\t\t\t\t\t<img decoding=\"async\" src=\"https:\/\/camping-leragis.com\/wp-content\/uploads\/2023\/11\/LeLabyrinthedesAnimaux-puy-du-fou-4.jpg\" alt=\"le puy du fou\" loading=\"lazy\">\n\t\t\t\t\t\t\t\t\t\t<\/a>\n\t\t\t\t\t\t\t\t\t<\/div>\n\n\t\t\t\t\t\t\t\t\t<div class=\"w-100\"><\/div>\n\t\t\t\t\t\t\t\t\t\n\t\t\t\t\t\t\t\t\t\t\t\n\t\t\t\t\n\t\t\t\t<div class=\"sev-diaporama-portfolio-item col-12 col-sm  col-grow\">\n\n\t\t\t\t\t\t\t\t\t\t<a href=\"https:\/\/camping-leragis.com\/wp-content\/uploads\/2023\/11\/Les-amoureux-de-verdun-puy-du-fou-5.jpg\" data-lightbox=\"sevgallery-2662756685\" style=\"background-image: url(https:\/\/camping-leragis.com\/wp-content\/uploads\/2023\/11\/Les-amoureux-de-verdun-puy-du-fou-5.jpg)\">\n\t\t\t\t\t\t\t\t\t\t\t<img decoding=\"async\" src=\"https:\/\/camping-leragis.com\/wp-content\/uploads\/2023\/11\/Les-amoureux-de-verdun-puy-du-fou-5.jpg\" alt=\"le puy du fou\" loading=\"lazy\">\n\t\t\t\t\t\t\t\t\t\t<\/a>\n\t\t\t\t\t\t\t\t\t<\/div>\n\n\t\t\t\t\n\t\t\t\t\t\t\t\t\t\t\t\n\t\t\t\t\n\t\t\t\t<div class=\"sev-diaporama-portfolio-item col-12 col-sm  col-grow\">\n\n\t\t\t\t\t\t\t\t\t\t<a href=\"https:\/\/camping-leragis.com\/wp-content\/uploads\/2023\/11\/Le-Signe-du-Triomphe-spectacle-puydufou-fond.jpg\" data-lightbox=\"sevgallery-2662756685\" style=\"background-image: url(https:\/\/camping-leragis.com\/wp-content\/uploads\/2023\/11\/Le-Signe-du-Triomphe-spectacle-puydufou-fond.jpg)\">\n\t\t\t\t\t\t\t\t\t\t\t<img decoding=\"async\" src=\"https:\/\/camping-leragis.com\/wp-content\/uploads\/2023\/11\/Le-Signe-du-Triomphe-spectacle-puydufou-fond.jpg\" alt=\"le puy du fou\" loading=\"lazy\">\n\t\t\t\t\t\t\t\t\t\t<\/a>\n\t\t\t\t\t\t\t\t\t<\/div>\n\n\t\t\t\t\n\t\t\t\t\t\t\t\t\t\t\t\t\t\t<\/div>\n\t\t\t<\/div>\n\n\t\t\t<script>\n\t\t\tjQuery(function($) {\n\n\t\t\t\tvar marginPortfolio = function() {\n\n\t\t\t\t\tvar $diapo          = $('#sevgallery-2662756685');\n\t\t\t\t\tvar container_width = $diapo.parent().outerWidth();\n\t\t\t\t\tvar side            = ( $(window).innerWidth() - container_width ) \/ 2;\n\n\t\t\t\t\t$diapo.css( {\n\t\t\t\t\t\t'margin-left': '-' + side + 'px',\n\t\t\t\t\t\t'margin-right': '-' + side + 'px',\n\t\t\t\t\t} );\n\t\t\t\t};\n\n\t\t\t\t$( window ).resize( function() {\n\t\t\t\t\tmarginPortfolio();\n\t\t\t\t} );\n\t\t\t\tmarginPortfolio();\n\t\t\t});\n\t\t\t<\/script>\n\t\t\t<\/div>","protected":false},"excerpt":{"rendered":"<p>Uw camping dichtbij Puy du Fou Tijdens uw verblijf in de Vend\u00e9e Op Camping Le Ragis nodigen we je uit om een dag te reserveren voor het Grand Parcours du Puy du Fou en een avond voor de Cin\u00e9sc\u00e9nie (voor de Cin\u00e9sc\u00e9nie is het raadzaam om ruim van tevoren te reserveren). Je camping ligt op [&hellip;]<\/p>\n","protected":false},"author":2,"featured_media":0,"parent":9993,"menu_order":0,"comment_status":"closed","ping_status":"closed","template":"","meta":{"_seopress_robots_primary_cat":"","_seopress_titles_title":"Ken je de Puy du Fou?","_seopress_titles_desc":"Neem de tijd om hier een dag door te brengen tijdens je vakantie. Je kunt hun prachtige, kleurrijke shows ontdekken.","_seopress_robots_index":"","footnotes":""},"class_list":["post-10002","page","type-page","status-publish","hentry"],"_links":{"self":[{"href":"https:\/\/camping-leragis.com\/nl\/wp-json\/wp\/v2\/pages\/10002","targetHints":{"allow":["GET"]}}],"collection":[{"href":"https:\/\/camping-leragis.com\/nl\/wp-json\/wp\/v2\/pages"}],"about":[{"href":"https:\/\/camping-leragis.com\/nl\/wp-json\/wp\/v2\/types\/page"}],"author":[{"embeddable":true,"href":"https:\/\/camping-leragis.com\/nl\/wp-json\/wp\/v2\/users\/2"}],"replies":[{"embeddable":true,"href":"https:\/\/camping-leragis.com\/nl\/wp-json\/wp\/v2\/comments?post=10002"}],"version-history":[{"count":2,"href":"https:\/\/camping-leragis.com\/nl\/wp-json\/wp\/v2\/pages\/10002\/revisions"}],"predecessor-version":[{"id":10280,"href":"https:\/\/camping-leragis.com\/nl\/wp-json\/wp\/v2\/pages\/10002\/revisions\/10280"}],"up":[{"embeddable":true,"href":"https:\/\/camping-leragis.com\/nl\/wp-json\/wp\/v2\/pages\/9993"}],"wp:attachment":[{"href":"https:\/\/camping-leragis.com\/nl\/wp-json\/wp\/v2\/media?parent=10002"}],"curies":[{"name":"wp","href":"https:\/\/api.w.org\/{rel}","templated":true}]}}