{"id":9791,"date":"2023-11-13T16:49:32","date_gmt":"2023-11-13T15:49:32","guid":{"rendered":"https:\/\/camping-leragis.com\/leisure-side\/the-puy-du-fou\/"},"modified":"2024-02-27T17:19:43","modified_gmt":"2024-02-27T16:19:43","slug":"the-puy-du-fou","status":"publish","type":"page","link":"https:\/\/camping-leragis.com\/en\/leisure-side\/the-puy-du-fou\/","title":{"rendered":"The Puy du Fou"},"content":{"rendered":"\n<h2 class=\"wp-block-heading\">Your campsite near Puy du Fou<\/h2>\n\n\n\n<p>During your <a href=\"https:\/\/www.camping-leragis.com\/en\/\">stay in Vend\u00e9e<\/a>  At Camping Le Ragis, we invite you to book a day for the Grand Parcours du Puy du Fou and an evening for the Cin\u00e9sc\u00e9nie (for the Cin\u00e9sc\u00e9nie, please book well in advance). Your campsite is about an hour from the park, which recently won the 2012 Thea Awards in the USA. Le Puy du Fou received the most prestigious award: the &#8220;Thea Classic Award&#8221;. It&#8217;s the first French park to receive this award.<\/p>\n\n\n\n<p>Indeed, the history of this park is a beautiful one.<\/p>\n\n\n\n<div class=\"wp-block-media-text alignfull is-stacked-on-mobile is-image-fill\" style=\"padding-top:var(--wp--preset--spacing--30);padding-bottom:var(--wp--preset--spacing--30)\"><figure class=\"wp-block-media-text__media\" style=\"background-image:url(https:\/\/camping-leragis.com\/wp-content\/uploads\/2023\/11\/La-renaissance-du-chateau-puy-du-fou-2.jpg);background-position:50% 50%\"><img loading=\"lazy\" decoding=\"async\" width=\"990\" height=\"659\" src=\"https:\/\/camping-leragis.com\/wp-content\/uploads\/2023\/11\/La-renaissance-du-chateau-puy-du-fou-2.jpg\" alt=\"\" class=\"wp-image-8433 size-full\" srcset=\"https:\/\/camping-leragis.com\/wp-content\/uploads\/2023\/11\/La-renaissance-du-chateau-puy-du-fou-2.jpg 990w, https:\/\/camping-leragis.com\/wp-content\/uploads\/2023\/11\/La-renaissance-du-chateau-puy-du-fou-2-300x200.jpg 300w, https:\/\/camping-leragis.com\/wp-content\/uploads\/2023\/11\/La-renaissance-du-chateau-puy-du-fou-2-768x511.jpg 768w\" sizes=\"auto, (max-width: 990px) 100vw, 990px\" \/><\/figure><div class=\"wp-block-media-text__content\">\n<p>It all started with Philippe de Villiers&#8217; desire to tell <strong>the story of the Vend\u00e9e<\/strong>.. In 1979, with the help of a handful of volunteers from the surrounding villages, he created the first night-time show, a parallel activity to the existing ecomuseum. The show took shape in the ruins of the Puy du Fou castle. Tinged with a dose of counter-Revolution, the association, which defends the values of family and tradition, expands locally. Year after year, more and more people flocked to the site, all the more so since the creation of the park with its many attractions (in 1989). Each year, its immense success forced the Cinesc\u00e9nie to move to new locations: the ruins, then the dungeon and finally a church recreated for scenic purposes. Each year too, the stage is equipped with increasingly high-performance technical resources, leading it to be named the world&#8217;s best amusement park in 2012.<\/p>\n<\/div><\/div>\n\n\n\n<div class=\"wp-block-media-text alignfull has-media-on-the-right is-stacked-on-mobile is-image-fill has-background\" style=\"background-color:#e3982024;padding-top:var(--wp--preset--spacing--30);padding-bottom:var(--wp--preset--spacing--30)\"><div class=\"wp-block-media-text__content\">\n<p>Today, the <strong>Cinesc\u00e9nie<\/strong> is embodied by 3,400 volunteers known as &#8221; <strong>Puyfolais <\/strong>&#8220;, and takes place on a 23-hectare stage, bringing together 1,200 actors, 120 riders, 100 technicians and 300 people to welcome and ensure the safety of the public. It requires 8,000 costumes, 800 fireworks, 8,000 spotlights and 150 30-meter-high water jets. Initially, the show was supported by musical extracts from the classical repertoire, but from 1982 onwards, several composers specific to the Cinesc\u00e9nie created the show&#8217;s original music: Georges Delerue, Nick Glennie Smith. With its 14,000-seat panoramic grandstand, La Cin\u00e9sc\u00e9nie welcomes nearly 400,000 spectators a year to 28 performances. A host of great actors lent their voices to the show: Philippe Noiret, Jean Piat, Fran\u00e7ois Chaumette, G\u00e9rard Depardieu, Robert Hosseine, Alain Delon, Michel Duchaussoy, Richard Darbois for the men, and Catherine Salviat, Suzanne Flon, Marie Dubois for the women.<\/p>\n<\/div><figure class=\"wp-block-media-text__media\" style=\"background-image:url(https:\/\/camping-leragis.com\/wp-content\/uploads\/2023\/11\/La-cinescenie-puy-du-fou-13.jpg);background-position:50% 50%\"><img loading=\"lazy\" decoding=\"async\" width=\"990\" height=\"661\" src=\"https:\/\/camping-leragis.com\/wp-content\/uploads\/2023\/11\/La-cinescenie-puy-du-fou-13.jpg\" alt=\"\" class=\"wp-image-8434 size-full\" srcset=\"https:\/\/camping-leragis.com\/wp-content\/uploads\/2023\/11\/La-cinescenie-puy-du-fou-13.jpg 990w, https:\/\/camping-leragis.com\/wp-content\/uploads\/2023\/11\/La-cinescenie-puy-du-fou-13-300x200.jpg 300w, https:\/\/camping-leragis.com\/wp-content\/uploads\/2023\/11\/La-cinescenie-puy-du-fou-13-768x513.jpg 768w\" sizes=\"auto, (max-width: 990px) 100vw, 990px\" \/><\/figure><\/div>\n\n\n\n<div style=\"height:27px\" aria-hidden=\"true\" class=\"wp-block-spacer\"><\/div>\n\n\n\n<h2 class=\"wp-block-heading\">Puy du Fou&#8217;s major shows<\/h2>\n\n\n\n<div class=\"wp-block-columns alignfull is-layout-flex wp-container-core-columns-is-layout-a9d98ab9 wp-block-columns-is-layout-flex\" style=\"padding-right:5%;padding-left:5%\">\n<div class=\"wp-block-column has-background is-layout-flow wp-block-column-is-layout-flow\" style=\"background-color:#e3982024;padding-top:var(--wp--preset--spacing--40);padding-right:var(--wp--preset--spacing--40);padding-bottom:var(--wp--preset--spacing--40);padding-left:var(--wp--preset--spacing--40)\">\n<figure class=\"wp-block-image size-full\"><img loading=\"lazy\" decoding=\"async\" width=\"990\" height=\"660\" src=\"https:\/\/camping-leragis.com\/wp-content\/uploads\/2023\/11\/Le-signe-du-triomphe-ronde-puy-du-fou-7.jpg\" alt=\"\" class=\"wp-image-8435\" srcset=\"https:\/\/camping-leragis.com\/wp-content\/uploads\/2023\/11\/Le-signe-du-triomphe-ronde-puy-du-fou-7.jpg 990w, https:\/\/camping-leragis.com\/wp-content\/uploads\/2023\/11\/Le-signe-du-triomphe-ronde-puy-du-fou-7-300x200.jpg 300w, https:\/\/camping-leragis.com\/wp-content\/uploads\/2023\/11\/Le-signe-du-triomphe-ronde-puy-du-fou-7-768x512.jpg 768w\" sizes=\"auto, (max-width: 990px) 100vw, 990px\" \/><\/figure>\n\n\n\n<p class=\"has-text-align-center\"><strong>The sign of Triumph<\/strong><\/p>\n\n\n\n<p>For this show, you enter a real <strong>Gallo-Roman arena<\/strong>, immersed in the atmosphere of <strong> Rome&#8217;s circus games<\/strong>. The show presents a group of Gauls condemned to take part in various trials to save their lives. The Roman governor at his tribune directs the games. Throughout the show, the audience is kept on its toes in an overexcited atmosphere. The various events are as impressive as each other, mixing action and humor in a series of technical feats such as when a vellum is extended over the audience. There are three daily performances of the show &#8221; <strong>The Sign of Triumph<\/strong>&#8220;. enough to accommodate everyone for one day.<\/p>\n<\/div>\n\n\n\n<div class=\"wp-block-column is-layout-flow wp-block-column-is-layout-flow\" style=\"padding-top:var(--wp--preset--spacing--40);padding-right:var(--wp--preset--spacing--40);padding-bottom:var(--wp--preset--spacing--40);padding-left:var(--wp--preset--spacing--40)\">\n<figure class=\"wp-block-image size-full\"><img loading=\"lazy\" decoding=\"async\" width=\"990\" height=\"660\" src=\"https:\/\/camping-leragis.com\/wp-content\/uploads\/2023\/11\/Les-vickings-puy-du-fou-5.jpg\" alt=\"\" class=\"wp-image-8436\" srcset=\"https:\/\/camping-leragis.com\/wp-content\/uploads\/2023\/11\/Les-vickings-puy-du-fou-5.jpg 990w, https:\/\/camping-leragis.com\/wp-content\/uploads\/2023\/11\/Les-vickings-puy-du-fou-5-300x200.jpg 300w, https:\/\/camping-leragis.com\/wp-content\/uploads\/2023\/11\/Les-vickings-puy-du-fou-5-768x512.jpg 768w\" sizes=\"auto, (max-width: 990px) 100vw, 990px\" \/><\/figure>\n\n\n\n<p class=\"has-text-align-center\"><strong>The Vikings<\/strong><\/p>\n\n\n\n<p>This show brings to life a Viking <strong>attack on the Fort de l&#8217;An Mil<\/strong>, with a cascade of special effects. We&#8217;ll tell you the gripping story of the hero who braves the impossible to repel the invaders! Les Vikings (3,000 to 3,500 seats): The show features  <strong>genuine longships<\/strong>  20 meters long and 10 meters high, 50 animals, 30 actors and 10 guests, entertainment with igneous (fire) effects &#8211; so much so that you can feel the heat in the stands &#8211; and breathtaking 22-meter-high waterfalls. A great show!<\/p>\n<\/div>\n\n\n\n<div class=\"wp-block-column has-background is-layout-flow wp-block-column-is-layout-flow\" style=\"background-color:#e3982024;padding-top:var(--wp--preset--spacing--40);padding-right:var(--wp--preset--spacing--40);padding-bottom:var(--wp--preset--spacing--40);padding-left:var(--wp--preset--spacing--40)\">\n<figure class=\"wp-block-image size-full\"><img loading=\"lazy\" decoding=\"async\" width=\"990\" height=\"660\" src=\"https:\/\/camping-leragis.com\/wp-content\/uploads\/2023\/11\/Le-bal-des-oiseaux-fantomes-puy-du-fou-2.jpg\" alt=\"\" class=\"wp-image-8437\" srcset=\"https:\/\/camping-leragis.com\/wp-content\/uploads\/2023\/11\/Le-bal-des-oiseaux-fantomes-puy-du-fou-2.jpg 990w, https:\/\/camping-leragis.com\/wp-content\/uploads\/2023\/11\/Le-bal-des-oiseaux-fantomes-puy-du-fou-2-300x200.jpg 300w, https:\/\/camping-leragis.com\/wp-content\/uploads\/2023\/11\/Le-bal-des-oiseaux-fantomes-puy-du-fou-2-768x512.jpg 768w\" sizes=\"auto, (max-width: 990px) 100vw, 990px\" \/><\/figure>\n\n\n\n<p class=\"has-text-align-center\"><strong>The ghost bird ball<\/strong><\/p>\n\n\n\n<p>In this magnificent show, you&#8217;ll meet Alienor, the falconer, and her friends. During this enchanting show, set in the days of fortified castles, you&#8217;ll be flown over by a horde of birds: eagles, falcons, vultures, kites, but also, more surprisingly, owls, pelicans, storks&#8230; who will offer you a veritable aerial ballet. Some, like the vultures, will graze you with their immense wings. Impressive!<br>Le Bal des Oiseaux Fant\u00f4mes has a capacity of 3,000 and features over 200 birds of prey and waders, including 150 simultaneously. The show&#8217;s soundtrack is mainly taken from Thomas Bergersen&#8217;s album &#8220;Illusions&#8221; (extract from &#8220;immortal&#8221; during the actresses&#8217; dance among the birds).<\/p>\n<\/div>\n<\/div>\n\n\n\n<div class=\"wp-block-columns alignfull is-layout-flex wp-container-core-columns-is-layout-a9d98ab9 wp-block-columns-is-layout-flex\" style=\"padding-right:5%;padding-left:5%\">\n<div class=\"wp-block-column is-layout-flow wp-block-column-is-layout-flow\" style=\"padding-top:var(--wp--preset--spacing--40);padding-right:var(--wp--preset--spacing--40);padding-bottom:var(--wp--preset--spacing--40);padding-left:var(--wp--preset--spacing--40)\">\n<figure class=\"wp-block-image size-full\"><img loading=\"lazy\" decoding=\"async\" width=\"990\" height=\"660\" src=\"https:\/\/camping-leragis.com\/wp-content\/uploads\/2023\/11\/Le-secret-de-la-lance-ronde-puy-du-fou-8.jpg\" alt=\"\" class=\"wp-image-8438\" srcset=\"https:\/\/camping-leragis.com\/wp-content\/uploads\/2023\/11\/Le-secret-de-la-lance-ronde-puy-du-fou-8.jpg 990w, https:\/\/camping-leragis.com\/wp-content\/uploads\/2023\/11\/Le-secret-de-la-lance-ronde-puy-du-fou-8-300x200.jpg 300w, https:\/\/camping-leragis.com\/wp-content\/uploads\/2023\/11\/Le-secret-de-la-lance-ronde-puy-du-fou-8-768x512.jpg 768w\" sizes=\"auto, (max-width: 990px) 100vw, 990px\" \/><\/figure>\n\n\n\n<p class=\"has-text-align-center\"><strong>The secret of the spear<\/strong><\/p>\n\n\n\n<p>&#8220;Le Secret de la Lance&#8221; is a show that can accommodate 3,500 to 4,000 people.  <\/p>\n\n\n\n<p>In the <sup>15th<\/sup> century, Margueritte, a young peasant girl, uses a spear with magical powers given to her by Joan of Arc to defeat the English. Marguerite rises to the challenge and foils the knights&#8217; traps with the power of her lance.<\/p>\n\n\n\n<p>The show features original music by composer Carlos Nunez.<\/p>\n<\/div>\n\n\n\n<div class=\"wp-block-column has-background is-layout-flow wp-block-column-is-layout-flow\" style=\"background-color:#e3982024;padding-top:var(--wp--preset--spacing--40);padding-right:var(--wp--preset--spacing--40);padding-bottom:var(--wp--preset--spacing--40);padding-left:var(--wp--preset--spacing--40)\">\n<figure class=\"wp-block-image size-full\"><img loading=\"lazy\" decoding=\"async\" width=\"990\" height=\"660\" src=\"https:\/\/camping-leragis.com\/wp-content\/uploads\/2023\/11\/Mousquetaire-de-richelieu-puy-du-fou-10.jpg\" alt=\"\" class=\"wp-image-8440\" srcset=\"https:\/\/camping-leragis.com\/wp-content\/uploads\/2023\/11\/Mousquetaire-de-richelieu-puy-du-fou-10.jpg 990w, https:\/\/camping-leragis.com\/wp-content\/uploads\/2023\/11\/Mousquetaire-de-richelieu-puy-du-fou-10-300x200.jpg 300w, https:\/\/camping-leragis.com\/wp-content\/uploads\/2023\/11\/Mousquetaire-de-richelieu-puy-du-fou-10-768x512.jpg 768w\" sizes=\"auto, (max-width: 990px) 100vw, 990px\" \/><\/figure>\n\n\n\n<p class=\"has-text-align-center\"><strong>Richelieu&#8217;s musketeer<\/strong><\/p>\n\n\n\n<p>The 3,000-seat &#8220;Mousquetaire de Richelieu&#8221; offers unique entertainment, with impressive sword duels conducted by the greatest fencing masters, exhilarating flamenco ballets and equestrian stunts.<\/p>\n\n\n\n<p>The action is set in the <sup>17th<\/sup> century on the 2,000 m\u00b2 stage of the Grand Caroussel, with original music composed by Nick Glennie Smith.<\/p>\n<\/div>\n\n\n\n<div class=\"wp-block-column is-layout-flow wp-block-column-is-layout-flow\" style=\"padding-top:var(--wp--preset--spacing--40);padding-right:var(--wp--preset--spacing--40);padding-bottom:var(--wp--preset--spacing--40);padding-left:var(--wp--preset--spacing--40)\">\n<figure class=\"wp-block-image size-full is-resized\"><img loading=\"lazy\" decoding=\"async\" width=\"990\" height=\"532\" src=\"https:\/\/camping-leragis.com\/wp-content\/uploads\/2023\/11\/Les-noces-de-feu-puy-du-fou-4.jpg\" alt=\"\" class=\"wp-image-8439\" style=\"aspect-ratio:3\/2;object-fit:cover;width:471px;height:auto\" srcset=\"https:\/\/camping-leragis.com\/wp-content\/uploads\/2023\/11\/Les-noces-de-feu-puy-du-fou-4.jpg 990w, https:\/\/camping-leragis.com\/wp-content\/uploads\/2023\/11\/Les-noces-de-feu-puy-du-fou-4-300x161.jpg 300w, https:\/\/camping-leragis.com\/wp-content\/uploads\/2023\/11\/Les-noces-de-feu-puy-du-fou-4-768x413.jpg 768w\" sizes=\"auto, (max-width: 990px) 100vw, 990px\" \/><\/figure>\n\n\n\n<p class=\"has-text-align-center\"><strong>Fire organs<\/strong><\/p>\n\n\n\n<p>It&#8217;s a nocturnal show that plays with our imaginations: in a phantasmagorical universe, creatures, nymphs, leprechauns and ballerinas, accompanied by musicians, glide across the water to the music of Mozart, Bach, Bizet and Delerue.<\/p>\n\n\n\n<p>You&#8217;ll be enchanted by this plunge into a magical world!<\/p>\n<\/div>\n<\/div>\n\n\n<div class=\"wp-block-sev-diaporama alignfull\">\t\t\t<div id=\"sevgallery-273445589\" class=\"sev-diaporama sev-diaporama-portfolio\">\n\t\t\t<div class=\"row\">\n\n\t\t\t\n\t\t\t\t\n\t\t\t\t<div class=\"sev-diaporama-portfolio-item col-12 col-sm  col-grow\">\n\n\t\t\t\t\t\t\t\t\t\t<a href=\"https:\/\/camping-leragis.com\/wp-content\/uploads\/2023\/11\/LaRoseraie-puy-du-fou-2.jpg\" data-lightbox=\"sevgallery-273445589\" style=\"background-image: url(https:\/\/camping-leragis.com\/wp-content\/uploads\/2023\/11\/LaRoseraie-puy-du-fou-2.jpg)\">\n\t\t\t\t\t\t\t\t\t\t\t<img decoding=\"async\" src=\"https:\/\/camping-leragis.com\/wp-content\/uploads\/2023\/11\/LaRoseraie-puy-du-fou-2.jpg\" alt=\"le puy du fou\" loading=\"lazy\">\n\t\t\t\t\t\t\t\t\t\t<\/a>\n\t\t\t\t\t\t\t\t\t<\/div>\n\n\t\t\t\t\n\t\t\t\t\t\t\t\t\t\t\t\n\t\t\t\t\n\t\t\t\t<div class=\"sev-diaporama-portfolio-item col-12 col-sm  col-shrink\">\n\n\t\t\t\t\t\t\t\t\t\t<a href=\"https:\/\/camping-leragis.com\/wp-content\/uploads\/2023\/11\/Le-Dernier-Panache-puy-du-fou-2.jpg\" data-lightbox=\"sevgallery-273445589\" style=\"background-image: url(https:\/\/camping-leragis.com\/wp-content\/uploads\/2023\/11\/Le-Dernier-Panache-puy-du-fou-2.jpg)\">\n\t\t\t\t\t\t\t\t\t\t\t<img decoding=\"async\" src=\"https:\/\/camping-leragis.com\/wp-content\/uploads\/2023\/11\/Le-Dernier-Panache-puy-du-fou-2.jpg\" alt=\"le puy du fou\" loading=\"lazy\">\n\t\t\t\t\t\t\t\t\t\t<\/a>\n\t\t\t\t\t\t\t\t\t<\/div>\n\n\t\t\t\t\n\t\t\t\t\t\t\t\t\t\t\t\n\t\t\t\t\n\t\t\t\t<div class=\"sev-diaporama-portfolio-item col-12 col-sm \">\n\n\t\t\t\t\t\t\t\t\t\t<a href=\"https:\/\/camping-leragis.com\/wp-content\/uploads\/2023\/11\/LeLabyrinthedesAnimaux-puy-du-fou-4.jpg\" data-lightbox=\"sevgallery-273445589\" style=\"background-image: url(https:\/\/camping-leragis.com\/wp-content\/uploads\/2023\/11\/LeLabyrinthedesAnimaux-puy-du-fou-4.jpg)\">\n\t\t\t\t\t\t\t\t\t\t\t<img decoding=\"async\" src=\"https:\/\/camping-leragis.com\/wp-content\/uploads\/2023\/11\/LeLabyrinthedesAnimaux-puy-du-fou-4.jpg\" alt=\"le puy du fou\" loading=\"lazy\">\n\t\t\t\t\t\t\t\t\t\t<\/a>\n\t\t\t\t\t\t\t\t\t<\/div>\n\n\t\t\t\t\t\t\t\t\t<div class=\"w-100\"><\/div>\n\t\t\t\t\t\t\t\t\t\n\t\t\t\t\t\t\t\t\t\t\t\n\t\t\t\t\n\t\t\t\t<div class=\"sev-diaporama-portfolio-item col-12 col-sm  col-grow\">\n\n\t\t\t\t\t\t\t\t\t\t<a href=\"https:\/\/camping-leragis.com\/wp-content\/uploads\/2023\/11\/Les-amoureux-de-verdun-puy-du-fou-5.jpg\" data-lightbox=\"sevgallery-273445589\" style=\"background-image: url(https:\/\/camping-leragis.com\/wp-content\/uploads\/2023\/11\/Les-amoureux-de-verdun-puy-du-fou-5.jpg)\">\n\t\t\t\t\t\t\t\t\t\t\t<img decoding=\"async\" src=\"https:\/\/camping-leragis.com\/wp-content\/uploads\/2023\/11\/Les-amoureux-de-verdun-puy-du-fou-5.jpg\" alt=\"le puy du fou\" loading=\"lazy\">\n\t\t\t\t\t\t\t\t\t\t<\/a>\n\t\t\t\t\t\t\t\t\t<\/div>\n\n\t\t\t\t\n\t\t\t\t\t\t\t\t\t\t\t\n\t\t\t\t\n\t\t\t\t<div class=\"sev-diaporama-portfolio-item col-12 col-sm \">\n\n\t\t\t\t\t\t\t\t\t\t<a href=\"https:\/\/camping-leragis.com\/wp-content\/uploads\/2023\/11\/Le-Signe-du-Triomphe-spectacle-puydufou-fond.jpg\" data-lightbox=\"sevgallery-273445589\" style=\"background-image: url(https:\/\/camping-leragis.com\/wp-content\/uploads\/2023\/11\/Le-Signe-du-Triomphe-spectacle-puydufou-fond.jpg)\">\n\t\t\t\t\t\t\t\t\t\t\t<img decoding=\"async\" src=\"https:\/\/camping-leragis.com\/wp-content\/uploads\/2023\/11\/Le-Signe-du-Triomphe-spectacle-puydufou-fond.jpg\" alt=\"le puy du fou\" loading=\"lazy\">\n\t\t\t\t\t\t\t\t\t\t<\/a>\n\t\t\t\t\t\t\t\t\t<\/div>\n\n\t\t\t\t\n\t\t\t\t\t\t\t\t\t\t\t\t\t\t<\/div>\n\t\t\t<\/div>\n\n\t\t\t<script>\n\t\t\tjQuery(function($) {\n\n\t\t\t\tvar marginPortfolio = function() {\n\n\t\t\t\t\tvar $diapo          = $('#sevgallery-273445589');\n\t\t\t\t\tvar container_width = $diapo.parent().outerWidth();\n\t\t\t\t\tvar side            = ( $(window).innerWidth() - container_width ) \/ 2;\n\n\t\t\t\t\t$diapo.css( {\n\t\t\t\t\t\t'margin-left': '-' + side + 'px',\n\t\t\t\t\t\t'margin-right': '-' + side + 'px',\n\t\t\t\t\t} );\n\t\t\t\t};\n\n\t\t\t\t$( window ).resize( function() {\n\t\t\t\t\tmarginPortfolio();\n\t\t\t\t} );\n\t\t\t\tmarginPortfolio();\n\t\t\t});\n\t\t\t<\/script>\n\t\t\t<\/div>","protected":false},"excerpt":{"rendered":"<p>Your campsite near Puy du Fou During your stay in Vend\u00e9e At Camping Le Ragis, we invite you to book a day for the Grand Parcours du Puy du Fou and an evening for the Cin\u00e9sc\u00e9nie (for the Cin\u00e9sc\u00e9nie, please book well in advance). Your campsite is about an hour from the park, which recently [&hellip;]<\/p>\n","protected":false},"author":2,"featured_media":0,"parent":9788,"menu_order":0,"comment_status":"closed","ping_status":"closed","template":"","meta":{"_seopress_robots_primary_cat":"","_seopress_titles_title":"Do you know the Puy du Fou?","_seopress_titles_desc":"Take the time to spend a day there during your vacation. You&#039;ll be able to discover their magnificent, colorful shows.","_seopress_robots_index":"","footnotes":""},"class_list":["post-9791","page","type-page","status-publish","hentry"],"_links":{"self":[{"href":"https:\/\/camping-leragis.com\/en\/wp-json\/wp\/v2\/pages\/9791","targetHints":{"allow":["GET"]}}],"collection":[{"href":"https:\/\/camping-leragis.com\/en\/wp-json\/wp\/v2\/pages"}],"about":[{"href":"https:\/\/camping-leragis.com\/en\/wp-json\/wp\/v2\/types\/page"}],"author":[{"embeddable":true,"href":"https:\/\/camping-leragis.com\/en\/wp-json\/wp\/v2\/users\/2"}],"replies":[{"embeddable":true,"href":"https:\/\/camping-leragis.com\/en\/wp-json\/wp\/v2\/comments?post=9791"}],"version-history":[{"count":4,"href":"https:\/\/camping-leragis.com\/en\/wp-json\/wp\/v2\/pages\/9791\/revisions"}],"predecessor-version":[{"id":10268,"href":"https:\/\/camping-leragis.com\/en\/wp-json\/wp\/v2\/pages\/9791\/revisions\/10268"}],"up":[{"embeddable":true,"href":"https:\/\/camping-leragis.com\/en\/wp-json\/wp\/v2\/pages\/9788"}],"wp:attachment":[{"href":"https:\/\/camping-leragis.com\/en\/wp-json\/wp\/v2\/media?parent=9791"}],"curies":[{"name":"wp","href":"https:\/\/api.w.org\/{rel}","templated":true}]}}