{"id":9781,"date":"2023-11-13T16:53:12","date_gmt":"2023-11-13T15:53:12","guid":{"rendered":"https:\/\/camping-leragis.com\/culture-and-heritage\/our-good-tables\/"},"modified":"2024-02-27T15:55:36","modified_gmt":"2024-02-27T14:55:36","slug":"our-good-tables","status":"publish","type":"page","link":"https:\/\/camping-leragis.com\/en\/culture-and-heritage\/our-good-tables\/","title":{"rendered":"Our good tables"},"content":{"rendered":"\n<div class=\"wp-block-columns are-vertically-aligned-center is-layout-flex wp-container-core-columns-is-layout-28f84493 wp-block-columns-is-layout-flex\">\n<div class=\"wp-block-column is-vertically-aligned-center is-layout-flow wp-block-column-is-layout-flow\">\n<h2 class=\"wp-block-heading\">Gastronomy our restaurants in Vend\u00e9e<\/h2>\n\n\n\n<p><strong>Does &#8220;Poulet de Challans, Poulet des champs&#8221; mean anything to you?<\/strong><\/p>\n\n\n\n<p><strong>Challans,<\/strong> a gastronomic town in the <strong>heart of the Vend\u00e9e<\/strong>, right next to your Le Ragis campsite.<br\/>Traditional Vend\u00e9e gastronomic restaurant, modern gastronomic restaurant, regional and local specialities, seafood such as sardines from Saint Gilles Croix de vie, duck and chicken from Challans, salt, oysters, saltwort and grenaille from Noirmoutier&#8230;<\/p>\n<\/div>\n\n\n\n<div class=\"wp-block-column is-vertically-aligned-center is-layout-flow wp-block-column-is-layout-flow\">\n<div class=\"wp-block-cover img-frame\" style=\"margin-top:var(--wp--preset--spacing--50);margin-bottom:var(--wp--preset--spacing--50)\"><span aria-hidden=\"true\" class=\"wp-block-cover__background has-background-dim-0 has-background-dim\"><\/span><img loading=\"lazy\" decoding=\"async\" width=\"1024\" height=\"750\" class=\"wp-block-cover__image-background wp-image-8405\" alt=\"restaurant en Vend\u00e9e proche camping le Ragis\" src=\"https:\/\/camping-leragis.com\/wp-content\/uploads\/2023\/11\/mogette-vendee.jpg\" data-object-fit=\"cover\" srcset=\"https:\/\/camping-leragis.com\/wp-content\/uploads\/2023\/11\/mogette-vendee.jpg 1024w, https:\/\/camping-leragis.com\/wp-content\/uploads\/2023\/11\/mogette-vendee-300x220.jpg 300w, https:\/\/camping-leragis.com\/wp-content\/uploads\/2023\/11\/mogette-vendee-768x563.jpg 768w\" sizes=\"auto, (max-width: 1024px) 100vw, 1024px\" \/><div class=\"wp-block-cover__inner-container is-layout-constrained wp-block-cover-is-layout-constrained\">\n<figure class=\"wp-block-image size-full\"><img loading=\"lazy\" decoding=\"async\" width=\"550\" height=\"550\" src=\"https:\/\/camping-leragis.com\/wp-content\/uploads\/2024\/01\/frame.png\" alt=\"\" class=\"wp-image-9371\" srcset=\"https:\/\/camping-leragis.com\/wp-content\/uploads\/2024\/01\/frame.png 550w, https:\/\/camping-leragis.com\/wp-content\/uploads\/2024\/01\/frame-300x300.png 300w, https:\/\/camping-leragis.com\/wp-content\/uploads\/2024\/01\/frame-150x150.png 150w\" sizes=\"auto, (max-width: 550px) 100vw, 550px\" \/><\/figure><\/div><\/div>\n<\/div>\n<\/div>\n\n<p>During your stay at <a href=\"https:\/\/camping-leragis.com\/en\/\" data-type=\"page\" data-id=\"2\">Le Ragis<\/a> campsite, you&#8217;ll have access to a veritable trail of good restaurants to suit all budgets and tastes.<\/p>\n\n<div style=\"height:21px\" aria-hidden=\"true\" class=\"wp-block-spacer\"><\/div>\n\n<h2 class=\"wp-block-heading\">Traditional cuisine<\/h2>\n\n<div style=\"height:24px\" aria-hidden=\"true\" class=\"wp-block-spacer\"><\/div>\n\n<div class=\"wp-block-columns is-layout-flex wp-container-core-columns-is-layout-28f84493 wp-block-columns-is-layout-flex\">\n<div class=\"wp-block-column has-background is-layout-flow wp-block-column-is-layout-flow\" style=\"background-color:#e08a0029;padding-top:var(--wp--preset--spacing--30);padding-right:var(--wp--preset--spacing--30);padding-bottom:var(--wp--preset--spacing--30);padding-left:var(--wp--preset--spacing--30)\">\n<figure class=\"wp-block-image aligncenter size-full is-resized\"><img loading=\"lazy\" decoding=\"async\" width=\"154\" height=\"154\" src=\"https:\/\/camping-leragis.com\/wp-content\/uploads\/2023\/11\/2832-restaurant-photo01-le-chef-fr-edited.jpg\" alt=\"\" class=\"wp-image-8409\" style=\"width:267px;height:auto\" srcset=\"https:\/\/camping-leragis.com\/wp-content\/uploads\/2023\/11\/2832-restaurant-photo01-le-chef-fr-edited.jpg 154w, https:\/\/camping-leragis.com\/wp-content\/uploads\/2023\/11\/2832-restaurant-photo01-le-chef-fr-edited-150x150.jpg 150w\" sizes=\"auto, (max-width: 154px) 100vw, 154px\" \/><\/figure>\n\n\n<p class=\"has-text-align-center\"><strong>Le ch\u00e2teau de la Verie <br\/><\/strong> 1<em>.0 km du Ragis <br\/><\/em>Route de Soullans<br\/>02 51 35 33 44<\/p>\n\n\n\n<p>An exceptional setting for this Challandais gourmet restaurant near your Ragis campsite<\/p>\n\n\n\n<p>Menus and an \u00e0 la carte menu featuring seasonal produce and noble products:<\/p>\n\n\n\n<p>Ch\u00e2teau de la V\u00e9rie&#8217;s gourmet restaurant is a veritable ode to French cuisine.<\/p>\n\n\n\n<p>Duck foie gras, voile de gel\u00e9e \u00e0 la pomme verte, Symphonie des produits de la mer cuisin\u00e9 au vin moelleux, \u00e9chalotes torr\u00e9fi\u00e9es or D\u00e9clinaison autour de l&#8217;ananas: the Ch\u00e2teau de la V\u00e9rie gourmet restaurant will take you on a unique journey to the land of the senses&#8230;<\/p>\n\n\n\n<p>And enjoy the sunny terrace from spring onwards<\/p>\n<\/div>\n\n\n\n<div class=\"wp-block-column is-layout-flow wp-block-column-is-layout-flow\" style=\"padding-top:var(--wp--preset--spacing--30);padding-right:var(--wp--preset--spacing--30);padding-bottom:var(--wp--preset--spacing--30);padding-left:var(--wp--preset--spacing--30)\">\n<figure class=\"wp-block-image aligncenter size-large is-resized\"><img loading=\"lazy\" decoding=\"async\" width=\"1024\" height=\"1005\" src=\"https:\/\/camping-leragis.com\/wp-content\/uploads\/2023\/11\/Capture-1024x1005.jpg\" alt=\"\" class=\"wp-image-8407\" style=\"width:272px;height:auto\" srcset=\"https:\/\/camping-leragis.com\/wp-content\/uploads\/2023\/11\/Capture-1024x1005.jpg 1024w, https:\/\/camping-leragis.com\/wp-content\/uploads\/2023\/11\/Capture-300x295.jpg 300w, https:\/\/camping-leragis.com\/wp-content\/uploads\/2023\/11\/Capture-768x754.jpg 768w, https:\/\/camping-leragis.com\/wp-content\/uploads\/2023\/11\/Capture.jpg 1100w\" sizes=\"auto, (max-width: 1024px) 100vw, 1024px\" \/><\/figure>\n\n\n<p class=\"has-text-align-center\"><strong>L&#8217;EpiQrien<br\/><\/strong> 2<em>.0 km from campsite<br\/><\/em>38 Route de Soullans  <br\/>02 51 68 00 66<\/p>\n\n\n\n<p>A resolutely contemporary gastronomic formula with a cosy feel.<\/p>\n\n\n\n<p>Like the restaurant itself, the cuisine is creative.<\/p>\n\n\n\n<p>The acclaimed <strong>chef<\/strong> is a member of the<strong>Acad\u00e9mie Culinaire de France <\/strong>and took part in the Bocuse d&#8217;Or in 2010. He makes a point of entertaining and delighting your taste buds with his two-speed cuisine.<\/p>\n\n\n\n<p>See for yourself: Starter + main course + dessert &#8211; from \u20ac13 to \u20ac18<\/p>\n<\/div>\n\n\n\n<div class=\"wp-block-column has-background is-layout-flow wp-block-column-is-layout-flow\" style=\"background-color:#e08a0029;padding-top:var(--wp--preset--spacing--30);padding-right:var(--wp--preset--spacing--30);padding-bottom:var(--wp--preset--spacing--30);padding-left:var(--wp--preset--spacing--30)\">\n<figure class=\"wp-block-image aligncenter size-full is-resized\"><img loading=\"lazy\" decoding=\"async\" width=\"317\" height=\"317\" src=\"https:\/\/camping-leragis.com\/wp-content\/uploads\/2023\/11\/diapo2-edited.jpg\" alt=\"\" class=\"wp-image-8411\" style=\"width:262px;height:auto\" srcset=\"https:\/\/camping-leragis.com\/wp-content\/uploads\/2023\/11\/diapo2-edited.jpg 317w, https:\/\/camping-leragis.com\/wp-content\/uploads\/2023\/11\/diapo2-edited-300x300.jpg 300w, https:\/\/camping-leragis.com\/wp-content\/uploads\/2023\/11\/diapo2-edited-150x150.jpg 150w\" sizes=\"auto, (max-width: 317px) 100vw, 317px\" \/><\/figure>\n\n\n<p class=\"has-text-align-center\"><strong>Le gourmandin<br\/><\/strong> 3<em>.0 km from campsite <br\/><\/em>rue Pierre-Gilles de Gennes<br\/>02 51 35 39 09<\/p>\n\n\n\n<p>Semi-gastronomic restaurant<\/p>\n\n\n\n<p>Traditional and creative cuisine awarded a Gault et Millau toque<br\/>34\u20ac pleasure menu<br\/>Park menu \u20ac27<\/p>\n\n\n\n<p>Book your pitch or mobile home at camping le ragis and visit the Vend\u00e9e.<br\/>To find this page: camping vend\u00e9e, restaurant Challans, gastronomy<\/p>\n<\/div>\n<\/div>\n<div class=\"wp-block-sev-diaporama alignfull\">\t\t\t<div id=\"sevgallery-612890741\" class=\"sev-diaporama sev-diaporama-portfolio\">\n\t\t\t<div class=\"row\">\n\n\t\t\t\n\t\t\t\t\n\t\t\t\t<div class=\"sev-diaporama-portfolio-item col-12 col-sm  col-grow\">\n\n\t\t\t\t\t\t\t\t\t\t<a href=\"https:\/\/camping-leragis.com\/wp-content\/uploads\/2023\/11\/1-2.jpg\" data-lightbox=\"sevgallery-612890741\" style=\"background-image: url(https:\/\/camping-leragis.com\/wp-content\/uploads\/2023\/11\/1-2.jpg)\">\n\t\t\t\t\t\t\t\t\t\t\t<img decoding=\"async\" src=\"https:\/\/camping-leragis.com\/wp-content\/uploads\/2023\/11\/1-2.jpg\" alt=\"restaurant aux alentours\" loading=\"lazy\">\n\t\t\t\t\t\t\t\t\t\t<\/a>\n\t\t\t\t\t\t\t\t\t<\/div>\n\n\t\t\t\t\n\t\t\t\t\t\t\t\t\t\t\t\n\t\t\t\t\n\t\t\t\t<div class=\"sev-diaporama-portfolio-item col-12 col-sm  col-grow\">\n\n\t\t\t\t\t\t\t\t\t\t<a href=\"https:\/\/camping-leragis.com\/wp-content\/uploads\/2023\/11\/2-2.jpg\" data-lightbox=\"sevgallery-612890741\" style=\"background-image: url(https:\/\/camping-leragis.com\/wp-content\/uploads\/2023\/11\/2-2.jpg)\">\n\t\t\t\t\t\t\t\t\t\t\t<img decoding=\"async\" src=\"https:\/\/camping-leragis.com\/wp-content\/uploads\/2023\/11\/2-2.jpg\" alt=\"restaurant aux alentours\" loading=\"lazy\">\n\t\t\t\t\t\t\t\t\t\t<\/a>\n\t\t\t\t\t\t\t\t\t<\/div>\n\n\t\t\t\t\n\t\t\t\t\t\t\t\t\t\t\t\n\t\t\t\t\n\t\t\t\t<div class=\"sev-diaporama-portfolio-item col-12 col-sm  col-grow\">\n\n\t\t\t\t\t\t\t\t\t\t<a href=\"https:\/\/camping-leragis.com\/wp-content\/uploads\/2023\/11\/3-2.jpg\" data-lightbox=\"sevgallery-612890741\" style=\"background-image: url(https:\/\/camping-leragis.com\/wp-content\/uploads\/2023\/11\/3-2.jpg)\">\n\t\t\t\t\t\t\t\t\t\t\t<img decoding=\"async\" src=\"https:\/\/camping-leragis.com\/wp-content\/uploads\/2023\/11\/3-2.jpg\" alt=\"restaurant aux alentours\" loading=\"lazy\">\n\t\t\t\t\t\t\t\t\t\t<\/a>\n\t\t\t\t\t\t\t\t\t<\/div>\n\n\t\t\t\t\t\t\t\t\t<div class=\"w-100\"><\/div>\n\t\t\t\t\t\t\t\t\t\n\t\t\t\t\t\t\t\t\t\t\t\t\t\t<\/div>\n\t\t\t<\/div>\n\n\t\t\t<script>\n\t\t\tjQuery(function($) {\n\n\t\t\t\tvar marginPortfolio = function() {\n\n\t\t\t\t\tvar $diapo          = $('#sevgallery-612890741');\n\t\t\t\t\tvar container_width = $diapo.parent().outerWidth();\n\t\t\t\t\tvar side            = ( $(window).innerWidth() - container_width ) \/ 2;\n\n\t\t\t\t\t$diapo.css( {\n\t\t\t\t\t\t'margin-left': '-' + side + 'px',\n\t\t\t\t\t\t'margin-right': '-' + side + 'px',\n\t\t\t\t\t} );\n\t\t\t\t};\n\n\t\t\t\t$( window ).resize( function() {\n\t\t\t\t\tmarginPortfolio();\n\t\t\t\t} );\n\t\t\t\tmarginPortfolio();\n\t\t\t});\n\t\t\t<\/script>\n\t\t\t<\/div>","protected":false},"excerpt":{"rendered":"<p>Gastronomy our restaurants in Vend\u00e9e Does &#8220;Poulet de Challans, Poulet des champs&#8221; mean anything to you? Challans, a gastronomic town in the heart of the Vend\u00e9e, right next to your Le Ragis campsite.Traditional Vend\u00e9e gastronomic restaurant, modern gastronomic restaurant, regional and local specialities, seafood such as sardines from Saint Gilles Croix de vie, duck and [&hellip;]<\/p>\n","protected":false},"author":2,"featured_media":0,"parent":9774,"menu_order":0,"comment_status":"closed","ping_status":"closed","template":"","meta":{"_seopress_robots_primary_cat":"","_seopress_titles_title":"During your vacations, discover the best addresses to try out","_seopress_titles_desc":"For lunch or dinner, discover the best restaurants near your Le Ragis campsite in Challans.","_seopress_robots_index":"","footnotes":""},"class_list":["post-9781","page","type-page","status-publish","hentry"],"_links":{"self":[{"href":"https:\/\/camping-leragis.com\/en\/wp-json\/wp\/v2\/pages\/9781","targetHints":{"allow":["GET"]}}],"collection":[{"href":"https:\/\/camping-leragis.com\/en\/wp-json\/wp\/v2\/pages"}],"about":[{"href":"https:\/\/camping-leragis.com\/en\/wp-json\/wp\/v2\/types\/page"}],"author":[{"embeddable":true,"href":"https:\/\/camping-leragis.com\/en\/wp-json\/wp\/v2\/users\/2"}],"replies":[{"embeddable":true,"href":"https:\/\/camping-leragis.com\/en\/wp-json\/wp\/v2\/comments?post=9781"}],"version-history":[{"count":1,"href":"https:\/\/camping-leragis.com\/en\/wp-json\/wp\/v2\/pages\/9781\/revisions"}],"predecessor-version":[{"id":9789,"href":"https:\/\/camping-leragis.com\/en\/wp-json\/wp\/v2\/pages\/9781\/revisions\/9789"}],"up":[{"embeddable":true,"href":"https:\/\/camping-leragis.com\/en\/wp-json\/wp\/v2\/pages\/9774"}],"wp:attachment":[{"href":"https:\/\/camping-leragis.com\/en\/wp-json\/wp\/v2\/media?parent=9781"}],"curies":[{"name":"wp","href":"https:\/\/api.w.org\/{rel}","templated":true}]}}