{"id":9771,"date":"2023-11-13T16:42:41","date_gmt":"2023-11-13T15:42:41","guid":{"rendered":"https:\/\/camping-leragis.com\/noirmoutier\/"},"modified":"2024-02-27T17:16:17","modified_gmt":"2024-02-27T16:16:17","slug":"noirmoutier","status":"publish","type":"page","link":"https:\/\/camping-leragis.com\/en\/sea-islands\/noirmoutier\/","title":{"rendered":"Noirmoutier"},"content":{"rendered":"\n<h2 class=\"wp-block-heading\">6 ideas for outings in Noirmoutier<\/h2>\n\n\n\n<p>Visit <strong>Noirmoutier<\/strong>, a magnificent island with unique landscapes, offering a wide range of activities and nature walks to share with the whole family. You&#8217;ll discover <strong>authentic<\/strong> little <strong>fishing villages<\/strong>, atmospheric fishing ports with colorful vintage boats, and marinas with superb sailing boats. The island of Noirmoutier also boasts dozens of kilometers of bike paths that wind through <strong>salt marshes,<\/strong> pine and holm oak forests, the seaside and hamlets. From Barbatre to l&#8217;Herbaudi\u00e8re, via the <strong>mills of La Gu\u00e9rini\u00e8re<\/strong> and <strong>Noirmoutier-en-l&#8217;\u00eele, <\/strong>it&#8217;s a family outing in the fresh air of the Vend\u00e9e that&#8217;s just waiting for you!  <strong>Noirmoutier<\/strong> is a rather special island in the Vend\u00e9e, as it can be reached in 2 ways: via the bridge and via the submersible passage known as <strong>the Gois<\/strong>. Your <a href=\"https:\/\/www.camping-leragis.com\/en\/\">Le Ragis campsite<\/a> is located 35 km from one of the most beautiful islands on the <strong>Atlantic coast<\/strong>, so make the most of your family holiday in Vend\u00e9e with a trip to Noirmoutier!<\/p>\n\n\n\n<div style=\"height:38px\" aria-hidden=\"true\" class=\"wp-block-spacer\"><\/div>\n\n\n\n<div class=\"wp-block-media-text alignfull has-media-on-the-right is-stacked-on-mobile is-image-fill\" style=\"padding-right:5%;padding-left:5%\"><div class=\"wp-block-media-text__content\">\n<h2 class=\"wp-block-heading\">What to do in Noirmoutier<\/h2>\n\n\n\n<h3 class=\"wp-block-heading\">1. Passage du Gois<\/h3>\n\n\n\n<p>Accessible on foot or by car, this 4.5 km-long passage is a little unusual: it is submersible, meaning that it can only be used at low tide, i.e. twice a day over a 2 to 3 hour period. Check the tide tables before venturing out, and the markers along the road have saved many a careless tourist! The Gois is a meeting place for fishermen on foot for clams, cockles&#8230; It&#8217;s a must-see during your getaway to Noirmoutier.<\/p>\n\n\n\n<h3 class=\"wp-block-heading\">2. Bois de la Chaise and the boom<\/h3>\n\n\n\n<p>The Bois de la chaise overlooks small sheltered beaches: Plage des Dames with its cabins, Plage des Sableaux and Anse Rouge. As you stroll along the coastal path, you&#8217;ll have the chance to admire the houses of the island&#8217;s notables, superb Second Empire-style stone mansions overlooking the sea. Children can play on the many paths in the woods or on the rocks on the beach. At the end of the walk, you can stop for a drink on the seafront terrace, opposite the estacade, an old pontoon recently restored.<\/p>\n\n\n\n<h3 class=\"wp-block-heading\">3. Noirmoutier en l&#8217;\u00eele<\/h3>\n\n\n\n<p>The island&#8217;s tourist center, the town has retained its charm of yesteryear. Stroll along the pedestrian streets with their arts and crafts stores. You can also visit the Ch\u00e2teau de Noirmoutier and its keep, which houses various collections of objects from the Vend\u00e9e region&#8217;s historical heritage. After passing through the Banzeau district, the oldest on the island with its narrow streets lined with hollyhocks, you&#8217;ll arrive at the old port to enjoy a delicious cr\u00eape on a caf\u00e9 terrace.<\/p>\n\n\n\n<p><\/p>\n<\/div><figure class=\"wp-block-media-text__media\" style=\"background-image:url(https:\/\/camping-leragis.com\/wp-content\/uploads\/2023\/11\/Anse-Rouge-Noirmoutier-bois-de-la-chaise-DSC_8692.jpg);background-position:50% 50%\"><img loading=\"lazy\" decoding=\"async\" width=\"700\" height=\"449\" src=\"https:\/\/camping-leragis.com\/wp-content\/uploads\/2023\/11\/Anse-Rouge-Noirmoutier-bois-de-la-chaise-DSC_8692.jpg\" alt=\"noirmoutier beach\" class=\"wp-image-8862 size-full\" srcset=\"https:\/\/camping-leragis.com\/wp-content\/uploads\/2023\/11\/Anse-Rouge-Noirmoutier-bois-de-la-chaise-DSC_8692.jpg 700w, https:\/\/camping-leragis.com\/wp-content\/uploads\/2023\/11\/Anse-Rouge-Noirmoutier-bois-de-la-chaise-DSC_8692-300x192.jpg 300w\" sizes=\"auto, (max-width: 700px) 100vw, 700px\" \/><\/figure><\/div>\n\n\n\n<div class=\"wp-block-media-text alignfull is-stacked-on-mobile is-image-fill has-background\" style=\"background-color:#e3982024;padding-right:5%;padding-left:5%\"><figure class=\"wp-block-media-text__media\" style=\"background-image:url(https:\/\/camping-leragis.com\/wp-content\/uploads\/2023\/11\/Noirmoutier-bois-de-la-chaise-DSC_8717.jpg);background-position:50% 50%\"><img loading=\"lazy\" decoding=\"async\" width=\"700\" height=\"466\" src=\"https:\/\/camping-leragis.com\/wp-content\/uploads\/2023\/11\/Noirmoutier-bois-de-la-chaise-DSC_8717.jpg\" alt=\"boats in noirmoutier\" class=\"wp-image-8861 size-full\" srcset=\"https:\/\/camping-leragis.com\/wp-content\/uploads\/2023\/11\/Noirmoutier-bois-de-la-chaise-DSC_8717.jpg 700w, https:\/\/camping-leragis.com\/wp-content\/uploads\/2023\/11\/Noirmoutier-bois-de-la-chaise-DSC_8717-300x200.jpg 300w\" sizes=\"auto, (max-width: 700px) 100vw, 700px\" \/><\/figure><div class=\"wp-block-media-text__content\">\n<p><\/p>\n\n\n\n<h3 class=\"wp-block-heading\">4. La Gu\u00e9rini\u00e8re mills<\/h3>\n\n\n\n<p>With a superb view over the south of the island of Noirmoutier, the beach forms a cove with panoramic views. Fishing on the Sables d&#8217;Or beach.<\/p>\n\n\n\n<h3 class=\"wp-block-heading\">5. Visit to salt marshes and oyster huts<\/h3>\n\n\n\n<p>Salt harvesting live! During free guided tours, organized by local producers, you&#8217;ll discover how salt is produced in Noirmoutier. Take the opportunity to sample special products such as samphire, a marsh plant with a taste similar to that of a gherkin, or fleur de sel, top-quality salt. Take the opportunity to stop off at an oyster shack to buy Noirmoutier oysters, famous for their unique taste.<\/p>\n\n\n\n<h3 class=\"wp-block-heading\">6. Le Vieil<\/h3>\n\n\n\n<p>Le Vieil is a fishing village with narrow streets in the north of the island. A small, secluded village offering authenticity, calm and a change of scenery. Not to be missed.<\/p>\n\n\n\n<div class=\"wp-block-group has-background is-layout-constrained wp-container-core-group-is-layout-52009084 wp-block-group-is-layout-constrained\" style=\"background-color:#ffa92030;padding-top:var(--wp--preset--spacing--40);padding-right:var(--wp--preset--spacing--40);padding-bottom:var(--wp--preset--spacing--40);padding-left:var(--wp--preset--spacing--40)\">\n<h4 class=\"wp-block-heading\">A little advice from the Ragis:<\/h4>\n\n\n\n<p>In season, to get to the island, leave the campsite before 10 a.m. to avoid getting stuck at the entrance to the island. The <strong>Noirmoutier market<\/strong> is very large and fun to visit, on Tuesdays, Fridays and Sundays.<\/p>\n\n\n\n<p><strong>Small gift:<\/strong><\/p>\n\n\n\n<p><a href=\"https:\/\/www.ile-noirmoutier.com\/fr\/explorer-l-ile\/noirmoutier-en-ile.html\" target=\"_blank\" rel=\"noreferrer noopener\">Your tourist map of the island of Noirmoutier  <\/a><\/p>\n<\/div>\n<\/div><\/div>\n\n\n<div class=\"wp-block-sev-diaporama alignfull\">\t\t\t<div id=\"sevgallery-948894694\" class=\"sev-diaporama sev-diaporama-portfolio\">\n\t\t\t<div class=\"row\">\n\n\t\t\t\n\t\t\t\t\n\t\t\t\t<div class=\"sev-diaporama-portfolio-item col-12 col-sm  col-grow\">\n\n\t\t\t\t\t\t\t\t\t\t<a href=\"https:\/\/camping-leragis.com\/wp-content\/uploads\/2023\/11\/Bois-de-la-chaise-noirmoutier-IMG_8466.jpg\" data-lightbox=\"sevgallery-948894694\" style=\"background-image: url(https:\/\/camping-leragis.com\/wp-content\/uploads\/2023\/11\/Bois-de-la-chaise-noirmoutier-IMG_8466.jpg)\">\n\t\t\t\t\t\t\t\t\t\t\t<img decoding=\"async\" src=\"https:\/\/camping-leragis.com\/wp-content\/uploads\/2023\/11\/Bois-de-la-chaise-noirmoutier-IMG_8466.jpg\" alt=\"\" loading=\"lazy\">\n\t\t\t\t\t\t\t\t\t\t<\/a>\n\t\t\t\t\t\t\t\t\t<\/div>\n\n\t\t\t\t\n\t\t\t\t\t\t\t\t\t\t\t\n\t\t\t\t\n\t\t\t\t<div class=\"sev-diaporama-portfolio-item col-12 col-sm  col-grow\">\n\n\t\t\t\t\t\t\t\t\t\t<a href=\"https:\/\/camping-leragis.com\/wp-content\/uploads\/2023\/11\/Estacade-Noirmoutier-DSC_3058.jpg\" data-lightbox=\"sevgallery-948894694\" style=\"background-image: url(https:\/\/camping-leragis.com\/wp-content\/uploads\/2023\/11\/Estacade-Noirmoutier-DSC_3058.jpg)\">\n\t\t\t\t\t\t\t\t\t\t\t<img decoding=\"async\" src=\"https:\/\/camping-leragis.com\/wp-content\/uploads\/2023\/11\/Estacade-Noirmoutier-DSC_3058.jpg\" alt=\"\" loading=\"lazy\">\n\t\t\t\t\t\t\t\t\t\t<\/a>\n\t\t\t\t\t\t\t\t\t<\/div>\n\n\t\t\t\t\n\t\t\t\t\t\t\t\t\t\t\t\n\t\t\t\t\n\t\t\t\t<div class=\"sev-diaporama-portfolio-item col-12 col-sm  col-shrink\">\n\n\t\t\t\t\t\t\t\t\t\t<a href=\"https:\/\/camping-leragis.com\/wp-content\/uploads\/2023\/11\/ile-noirmoutier-bateaux-port.jpg\" data-lightbox=\"sevgallery-948894694\" style=\"background-image: url(https:\/\/camping-leragis.com\/wp-content\/uploads\/2023\/11\/ile-noirmoutier-bateaux-port.jpg)\">\n\t\t\t\t\t\t\t\t\t\t\t<img decoding=\"async\" src=\"https:\/\/camping-leragis.com\/wp-content\/uploads\/2023\/11\/ile-noirmoutier-bateaux-port.jpg\" alt=\"bateaux Noirmoutier\" loading=\"lazy\">\n\t\t\t\t\t\t\t\t\t\t<\/a>\n\t\t\t\t\t\t\t\t\t<\/div>\n\n\t\t\t\t\t\t\t\t\t<div class=\"w-100\"><\/div>\n\t\t\t\t\t\t\t\t\t\n\t\t\t\t\t\t\t\t\t\t\t\n\t\t\t\t\n\t\t\t\t<div class=\"sev-diaporama-portfolio-item col-12 col-sm \">\n\n\t\t\t\t\t\t\t\t\t\t<a href=\"https:\/\/camping-leragis.com\/wp-content\/uploads\/2023\/11\/IMG_0704.jpg\" data-lightbox=\"sevgallery-948894694\" style=\"background-image: url(https:\/\/camping-leragis.com\/wp-content\/uploads\/2023\/11\/IMG_0704.jpg)\">\n\t\t\t\t\t\t\t\t\t\t\t<img decoding=\"async\" src=\"https:\/\/camping-leragis.com\/wp-content\/uploads\/2023\/11\/IMG_0704.jpg\" alt=\"maison Noirmoutier\" loading=\"lazy\">\n\t\t\t\t\t\t\t\t\t\t<\/a>\n\t\t\t\t\t\t\t\t\t<\/div>\n\n\t\t\t\t\n\t\t\t\t\t\t\t\t\t\t\t\n\t\t\t\t\n\t\t\t\t<div class=\"sev-diaporama-portfolio-item col-12 col-sm  col-shrink\">\n\n\t\t\t\t\t\t\t\t\t\t<a href=\"https:\/\/camping-leragis.com\/wp-content\/uploads\/2023\/11\/IMG_0806.jpg\" data-lightbox=\"sevgallery-948894694\" style=\"background-image: url(https:\/\/camping-leragis.com\/wp-content\/uploads\/2023\/11\/IMG_0806.jpg)\">\n\t\t\t\t\t\t\t\t\t\t\t<img decoding=\"async\" src=\"https:\/\/camping-leragis.com\/wp-content\/uploads\/2023\/11\/IMG_0806.jpg\" alt=\"marais salants Noirmoutier\" loading=\"lazy\">\n\t\t\t\t\t\t\t\t\t\t<\/a>\n\t\t\t\t\t\t\t\t\t<\/div>\n\n\t\t\t\t\n\t\t\t\t\t\t\t\t\t\t\t\t\t\t<\/div>\n\t\t\t<\/div>\n\n\t\t\t<script>\n\t\t\tjQuery(function($) {\n\n\t\t\t\tvar marginPortfolio = function() {\n\n\t\t\t\t\tvar $diapo          = $('#sevgallery-948894694');\n\t\t\t\t\tvar container_width = $diapo.parent().outerWidth();\n\t\t\t\t\tvar side            = ( $(window).innerWidth() - container_width ) \/ 2;\n\n\t\t\t\t\t$diapo.css( {\n\t\t\t\t\t\t'margin-left': '-' + side + 'px',\n\t\t\t\t\t\t'margin-right': '-' + side + 'px',\n\t\t\t\t\t} );\n\t\t\t\t};\n\n\t\t\t\t$( window ).resize( function() {\n\t\t\t\t\tmarginPortfolio();\n\t\t\t\t} );\n\t\t\t\tmarginPortfolio();\n\t\t\t});\n\t\t\t<\/script>\n\t\t\t<\/div>","protected":false},"excerpt":{"rendered":"<p>6 ideas for outings in Noirmoutier Visit Noirmoutier, a magnificent island with unique landscapes, offering a wide range of activities and nature walks to share with the whole family. You&#8217;ll discover authentic little fishing villages, atmospheric fishing ports with colorful vintage boats, and marinas with superb sailing boats. The island of Noirmoutier also boasts dozens [&hellip;]<\/p>\n","protected":false},"author":2,"featured_media":0,"parent":9824,"menu_order":0,"comment_status":"closed","ping_status":"closed","template":"","meta":{"_seopress_robots_primary_cat":"","_seopress_titles_title":"The island of Noirmoutier just a few kilometers away","_seopress_titles_desc":"Take the bridge or the Gois Passage to reach this beautiful island for a day and make the most of your stay at Le Ragis campsite.  ","_seopress_robots_index":"","footnotes":""},"class_list":["post-9771","page","type-page","status-publish","hentry"],"_links":{"self":[{"href":"https:\/\/camping-leragis.com\/en\/wp-json\/wp\/v2\/pages\/9771","targetHints":{"allow":["GET"]}}],"collection":[{"href":"https:\/\/camping-leragis.com\/en\/wp-json\/wp\/v2\/pages"}],"about":[{"href":"https:\/\/camping-leragis.com\/en\/wp-json\/wp\/v2\/types\/page"}],"author":[{"embeddable":true,"href":"https:\/\/camping-leragis.com\/en\/wp-json\/wp\/v2\/users\/2"}],"replies":[{"embeddable":true,"href":"https:\/\/camping-leragis.com\/en\/wp-json\/wp\/v2\/comments?post=9771"}],"version-history":[{"count":2,"href":"https:\/\/camping-leragis.com\/en\/wp-json\/wp\/v2\/pages\/9771\/revisions"}],"predecessor-version":[{"id":10264,"href":"https:\/\/camping-leragis.com\/en\/wp-json\/wp\/v2\/pages\/9771\/revisions\/10264"}],"up":[{"embeddable":true,"href":"https:\/\/camping-leragis.com\/en\/wp-json\/wp\/v2\/pages\/9824"}],"wp:attachment":[{"href":"https:\/\/camping-leragis.com\/en\/wp-json\/wp\/v2\/media?parent=9771"}],"curies":[{"name":"wp","href":"https:\/\/api.w.org\/{rel}","templated":true}]}}