{"id":9748,"date":"2023-11-30T17:30:13","date_gmt":"2023-11-30T16:30:13","guid":{"rendered":"https:\/\/camping-leragis.com\/challans\/"},"modified":"2024-02-27T15:55:33","modified_gmt":"2024-02-27T14:55:33","slug":"challans","status":"publish","type":"page","link":"https:\/\/camping-leragis.com\/en\/challans\/","title":{"rendered":"Challans"},"content":{"rendered":"\n<div class=\"wp-block-media-text alignfull is-stacked-on-mobile is-image-fill\" style=\"padding-right:5%;padding-left:5%\"><figure class=\"wp-block-media-text__media\" style=\"background-image:url(https:\/\/camping-leragis.com\/wp-content\/uploads\/2023\/11\/randonnee-vendee-IMG_2191-1024x683.jpg);background-position:50% 50%\"><img loading=\"lazy\" decoding=\"async\" width=\"1024\" height=\"683\" src=\"https:\/\/camping-leragis.com\/wp-content\/uploads\/2023\/11\/randonnee-vendee-IMG_2191-1024x683.jpg\" alt=\"\" class=\"wp-image-9135 size-full\" srcset=\"https:\/\/camping-leragis.com\/wp-content\/uploads\/2023\/11\/randonnee-vendee-IMG_2191-1024x683.jpg 1024w, https:\/\/camping-leragis.com\/wp-content\/uploads\/2023\/11\/randonnee-vendee-IMG_2191-300x200.jpg 300w, https:\/\/camping-leragis.com\/wp-content\/uploads\/2023\/11\/randonnee-vendee-IMG_2191-768x512.jpg 768w, https:\/\/camping-leragis.com\/wp-content\/uploads\/2023\/11\/randonnee-vendee-IMG_2191.jpg 1200w\" sizes=\"auto, (max-width: 1024px) 100vw, 1024px\" \/><\/figure><div class=\"wp-block-media-text__content\">\n<h2 class=\"wp-block-heading\">Challans heritage discovery tour<\/h2>\n\n\n\n<p>Challans, capital of the Breton marshlands of the <a href=\"https:\/\/www.camping-leragis.com\/la-vendee-autrement\/\">Vend\u00e9e<\/a>, crossroads between the bocage, the marsh and the Atlantic coast, has nevertheless preserved its Old France character, despite a certain commercial dynamism.<\/p>\n\n\n\n<p>The town has many vestiges of a prosperous past, when trade fairs were held on the fairgrounds. The town also recaptures the atmosphere of those years during the 4 Thursdays fair &#8221; <a href=\"https:\/\/www.camping-leragis.com\/editorial\/la-foire-a-lancienne-en-vendee\/\">autrefois Challans<\/a> &#8220;, which recreates the atmosphere of the town during the great fairs.<\/p>\n\n\n\n<p><strong>A few historical facts<\/strong><\/p>\n\n\n\n<p>A few remains have been found from the Gallic period (coins and a Roman eagle) in the village of La Bloire. An ancient slab dating back to Merovingian times was uncovered when the old church was demolished, proving that a place of worship existed before the old church.<\/p>\n\n\n\n<p>To put an end to the conflict that bloodied the region during the Wars of Religion, Louis XIII slept in Challans in the 13th century. During the French Revolution, the town became Republican and was burnt down in 1794.<\/p>\n\n\n\n<p>Under the Restoration, the town regained its calm and prosperity, which will last until today, when <strong>Challans becomes the 2nd largest town in the Vend\u00e9e<\/strong>. Today, Challans is the commercial center of the north-western Vend\u00e9e region, and is home to numerous industrial and craft businesses driven by tourism, given its proximity to the coast.<\/p>\n<\/div><\/div>\n\n<div class=\"wp-block-media-text alignfull has-media-on-the-right is-stacked-on-mobile\" style=\"padding-right:5%;padding-left:5%;grid-template-columns:auto 46%\"><div class=\"wp-block-media-text__content\">\n<p>It specializes in the boating, plastics, carpentry and agri-food sectors&#8230;Its emblem is the duck, which can be seen at the Challans fair, transformed into a toboggan for children!<\/p>\n\n\n\n<p>We invite you to discover the architectural and historical traces on this original tour, which can be done effortlessly as you stroll through the town center. It&#8217;s also an opportunity to take advantage of the high-quality shops and take a break on a caf\u00e9 terrace.<\/p>\n\n\n\n<p>You can also enjoy a pleasant stroll in the <strong>Parc de la Sabli\u00e8re<\/strong>, with its fitness trail and playground, where you can see many species of birds (geese, ducks, moorhens, etc.).<\/p>\n\n\n\n<p><strong>Here&#8217;s a map of the remarkable sites in Challans<\/strong><\/p>\n<\/div><figure class=\"wp-block-media-text__media\"><img loading=\"lazy\" decoding=\"async\" width=\"1024\" height=\"1004\" src=\"https:\/\/camping-leragis.com\/wp-content\/uploads\/2023\/11\/RAGIS-Plan-de-Challans-1024x1004-1.jpg\" alt=\"\" class=\"wp-image-9134 size-full\" srcset=\"https:\/\/camping-leragis.com\/wp-content\/uploads\/2023\/11\/RAGIS-Plan-de-Challans-1024x1004-1.jpg 1024w, https:\/\/camping-leragis.com\/wp-content\/uploads\/2023\/11\/RAGIS-Plan-de-Challans-1024x1004-1-300x294.jpg 300w, https:\/\/camping-leragis.com\/wp-content\/uploads\/2023\/11\/RAGIS-Plan-de-Challans-1024x1004-1-768x753.jpg 768w\" sizes=\"auto, (max-width: 1024px) 100vw, 1024px\" \/><\/figure><\/div>\n\n<div class=\"wp-block-media-text alignfull is-stacked-on-mobile is-image-fill\" style=\"padding-right:5%;padding-left:5%\"><figure class=\"wp-block-media-text__media\" style=\"background-image:url(https:\/\/camping-leragis.com\/wp-content\/uploads\/2023\/11\/camping-randonnee-chemin-de-vendee-IMG_7578-1200-1024x682.jpg);background-position:91% 58%\"><img loading=\"lazy\" decoding=\"async\" width=\"1024\" height=\"682\" src=\"https:\/\/camping-leragis.com\/wp-content\/uploads\/2023\/11\/camping-randonnee-chemin-de-vendee-IMG_7578-1200-1024x682.jpg\" alt=\"\" class=\"wp-image-9136 size-full\" srcset=\"https:\/\/camping-leragis.com\/wp-content\/uploads\/2023\/11\/camping-randonnee-chemin-de-vendee-IMG_7578-1200-1024x682.jpg 1024w, https:\/\/camping-leragis.com\/wp-content\/uploads\/2023\/11\/camping-randonnee-chemin-de-vendee-IMG_7578-1200-300x200.jpg 300w, https:\/\/camping-leragis.com\/wp-content\/uploads\/2023\/11\/camping-randonnee-chemin-de-vendee-IMG_7578-1200-768x512.jpg 768w, https:\/\/camping-leragis.com\/wp-content\/uploads\/2023\/11\/camping-randonnee-chemin-de-vendee-IMG_7578-1200.jpg 1100w\" sizes=\"auto, (max-width: 1024px) 100vw, 1024px\" \/><\/figure><div class=\"wp-block-media-text__content\">\n<h2 class=\"wp-block-heading\">Walks around Challans<\/h2>\n\n\n\n<p>During your stay, take advantage of the various hiking and biking trails starting from the campsite.<\/p>\n\n\n\n<p>Walks and hiking trails for all levels and tastes&#8230;<\/p>\n\n\n\n<p>Twice a week, we offer a guided tour with commentary by Joseph, your host.<br\/>His knowledge of Challans and the Soullandais marshes, and his local anecdotes, will make these visits a privileged moment of culture and relaxation.<\/p>\n\n\n\n<p>Along the way, you&#8217;ll discover a unique heron nesting site and other surprises&#8230;<\/p>\n\n\n\n<h2 class=\"wp-block-heading\">Walks and hikes in the Vend\u00e9e around the campsite by bike or on foot<\/h2>\n\n\n\n<p>Your campsite in the Vend\u00e9e is located 5 minutes from Challans town center, in the countryside. We offer tours around the campsite. A great way to start the day!<\/p>\n\n\n\n<p>Here&#8217;s the IGN map with 2 hiking trails.<\/p>\n<\/div><\/div>\n\n<div class=\"wp-block-media-text alignfull has-media-on-the-right is-stacked-on-mobile is-image-fill\" style=\"padding-right:5%;padding-left:5%\"><div class=\"wp-block-media-text__content\">\n<h2 class=\"wp-block-heading\">Challans hiking trail 5 km<\/h2>\n\n\n\n<ul class=\"wp-block-list\">\n<li>Take the Chemin de la Fradini\u00e8re on the left as you leave the campsite.<\/li>\n\n\n\n<li>Chemin du Gu\u00e9 Baudu<\/li>\n\n\n\n<li>Chemin du Baudu<\/li>\n\n\n\n<li>Chemin du Fief Bottereau<\/li>\n\n\n\n<li>Chemin du Pr\u00e9neau<\/li>\n\n\n\n<li>Chemin du Marechau<\/li>\n\n\n\n<li>Chemin de la Coeti\u00e8re<\/li>\n<\/ul>\n\n\n\n<h2 class=\"wp-block-heading\">Challans 10 km hiking trail<\/h2>\n\n\n\n<ul class=\"wp-block-list\">\n<li>Take the Chemin de la Fradini\u00e8re on the left as you leave the campsite.<\/li>\n\n\n\n<li>Chemin du Gu\u00e9 du Baudu<\/li>\n\n\n\n<li>Chemin du Baudu<\/li>\n\n\n\n<li>Chemin du Fief Bottereau<\/li>\n\n\n\n<li>Chemin de l&#8217;Ogerie<\/li>\n\n\n\n<li>Take the cycle path on the right<\/li>\n\n\n\n<li>Chemin de l&#8217;Et\u00e9<\/li>\n\n\n\n<li>Chemin de l&#8217;Ogerie<\/li>\n\n\n\n<li>Rond Point des Oiseaux<\/li>\n\n\n\n<li>Chemin du cimeti\u00e8re breton<\/li>\n\n\n\n<li>Chemin du gu\u00e9 Monnier<\/li>\n\n\n\n<li>Chemin des Landes<\/li>\n\n\n\n<li>Turn right onto the Cornouillers bicycle path<\/li>\n\n\n\n<li>Chemin du Pr\u00e9neau<\/li>\n\n\n\n<li>Chemin du Mar\u00e9chau<\/li>\n\n\n\n<li>Chemin de la Coeti\u00e8re.<\/li>\n<\/ul>\n<\/div><figure class=\"wp-block-media-text__media\" style=\"background-image:url(https:\/\/camping-leragis.com\/wp-content\/uploads\/2023\/11\/randonnee-stjeandemonts-1024x683.jpg);background-position:50% 50%\"><img loading=\"lazy\" decoding=\"async\" width=\"1024\" height=\"683\" src=\"https:\/\/camping-leragis.com\/wp-content\/uploads\/2023\/11\/randonnee-stjeandemonts-1024x683.jpg\" alt=\"\" class=\"wp-image-9137 size-full\" srcset=\"https:\/\/camping-leragis.com\/wp-content\/uploads\/2023\/11\/randonnee-stjeandemonts-1024x683.jpg 1024w, https:\/\/camping-leragis.com\/wp-content\/uploads\/2023\/11\/randonnee-stjeandemonts-300x200.jpg 300w, https:\/\/camping-leragis.com\/wp-content\/uploads\/2023\/11\/randonnee-stjeandemonts-768x512.jpg 768w, https:\/\/camping-leragis.com\/wp-content\/uploads\/2023\/11\/randonnee-stjeandemonts.jpg 1200w\" sizes=\"auto, (max-width: 1024px) 100vw, 1024px\" \/><\/figure><\/div>\n<div class=\"wp-block-sev-diaporama\">\t\t\t<div id=\"sevgallery-3159593245\" class=\"sev-diaporama sev-diaporama-portfolio\">\n\t\t\t<div class=\"row\">\n\n\t\t\t\n\t\t\t\t\n\t\t\t\t<div class=\"sev-diaporama-portfolio-item col-12 col-sm  col-shrink\">\n\n\t\t\t\t\t\t\t\t\t\t<a href=\"https:\/\/camping-leragis.com\/wp-content\/uploads\/2023\/11\/challansot-Personnalise.jpg\" data-lightbox=\"sevgallery-3159593245\" style=\"background-image: url(https:\/\/camping-leragis.com\/wp-content\/uploads\/2023\/11\/challansot-Personnalise.jpg)\">\n\t\t\t\t\t\t\t\t\t\t\t<img decoding=\"async\" src=\"https:\/\/camping-leragis.com\/wp-content\/uploads\/2023\/11\/challansot-Personnalise.jpg\" alt=\"Hotel de ville et march\u00e9 \u00e0 Challans\" loading=\"lazy\">\n\t\t\t\t\t\t\t\t\t\t<\/a>\n\t\t\t\t\t\t\t\t\t<\/div>\n\n\t\t\t\t\n\t\t\t\t\t\t\t\t\t\t\t\n\t\t\t\t\n\t\t\t\t<div class=\"sev-diaporama-portfolio-item col-12 col-sm  col-shrink\">\n\n\t\t\t\t\t\t\t\t\t\t<a href=\"https:\/\/camping-leragis.com\/wp-content\/uploads\/2023\/11\/piste-cyclable-marais-breton-IMG_4322-Personnalise.jpg\" data-lightbox=\"sevgallery-3159593245\" style=\"background-image: url(https:\/\/camping-leragis.com\/wp-content\/uploads\/2023\/11\/piste-cyclable-marais-breton-IMG_4322-Personnalise.jpg)\">\n\t\t\t\t\t\t\t\t\t\t\t<img decoding=\"async\" src=\"https:\/\/camping-leragis.com\/wp-content\/uploads\/2023\/11\/piste-cyclable-marais-breton-IMG_4322-Personnalise.jpg\" alt=\"Balade \u00e0 v\u00e9lo \u00e0 challans\" loading=\"lazy\">\n\t\t\t\t\t\t\t\t\t\t<\/a>\n\t\t\t\t\t\t\t\t\t<\/div>\n\n\t\t\t\t\n\t\t\t\t\t\t\t\t\t\t\t\n\t\t\t\t\n\t\t\t\t<div class=\"sev-diaporama-portfolio-item col-12 col-sm  col-grow\">\n\n\t\t\t\t\t\t\t\t\t\t<a href=\"https:\/\/camping-leragis.com\/wp-content\/uploads\/2023\/11\/parc-de-loisirs-challans-IMG_4357-Personnalise.jpg\" data-lightbox=\"sevgallery-3159593245\" style=\"background-image: url(https:\/\/camping-leragis.com\/wp-content\/uploads\/2023\/11\/parc-de-loisirs-challans-IMG_4357-Personnalise.jpg)\">\n\t\t\t\t\t\t\t\t\t\t\t<img decoding=\"async\" src=\"https:\/\/camping-leragis.com\/wp-content\/uploads\/2023\/11\/parc-de-loisirs-challans-IMG_4357-Personnalise.jpg\" alt=\"parc de loisirs \u00e0 Challans\" loading=\"lazy\">\n\t\t\t\t\t\t\t\t\t\t<\/a>\n\t\t\t\t\t\t\t\t\t<\/div>\n\n\t\t\t\t\t\t\t\t\t<div class=\"w-100\"><\/div>\n\t\t\t\t\t\t\t\t\t\n\t\t\t\t\t\t\t\t\t\t\t\t\t\t<\/div>\n\t\t\t<\/div>\n\n\t\t\t<script>\n\t\t\tjQuery(function($) {\n\n\t\t\t\tvar marginPortfolio = function() {\n\n\t\t\t\t\tvar $diapo          = $('#sevgallery-3159593245');\n\t\t\t\t\tvar container_width = $diapo.parent().outerWidth();\n\t\t\t\t\tvar side            = ( $(window).innerWidth() - container_width ) \/ 2;\n\n\t\t\t\t\t$diapo.css( {\n\t\t\t\t\t\t'margin-left': '-' + side + 'px',\n\t\t\t\t\t\t'margin-right': '-' + side + 'px',\n\t\t\t\t\t} );\n\t\t\t\t};\n\n\t\t\t\t$( window ).resize( function() {\n\t\t\t\t\tmarginPortfolio();\n\t\t\t\t} );\n\t\t\t\tmarginPortfolio();\n\t\t\t});\n\t\t\t<\/script>\n\t\t\t<\/div>","protected":false},"excerpt":{"rendered":"<p>Challans heritage discovery tour Challans, capital of the Breton marshlands of the Vend\u00e9e, crossroads between the bocage, the marsh and the Atlantic coast, has nevertheless preserved its Old France character, despite a certain commercial dynamism. The town has many vestiges of a prosperous past, when trade fairs were held on the fairgrounds. The town also [&hellip;]<\/p>\n","protected":false},"author":2,"featured_media":0,"parent":0,"menu_order":0,"comment_status":"closed","ping_status":"closed","template":"","meta":{"_seopress_robots_primary_cat":"","_seopress_titles_title":"","_seopress_titles_desc":"","_seopress_robots_index":"","footnotes":""},"class_list":["post-9748","page","type-page","status-publish","hentry"],"_links":{"self":[{"href":"https:\/\/camping-leragis.com\/en\/wp-json\/wp\/v2\/pages\/9748","targetHints":{"allow":["GET"]}}],"collection":[{"href":"https:\/\/camping-leragis.com\/en\/wp-json\/wp\/v2\/pages"}],"about":[{"href":"https:\/\/camping-leragis.com\/en\/wp-json\/wp\/v2\/types\/page"}],"author":[{"embeddable":true,"href":"https:\/\/camping-leragis.com\/en\/wp-json\/wp\/v2\/users\/2"}],"replies":[{"embeddable":true,"href":"https:\/\/camping-leragis.com\/en\/wp-json\/wp\/v2\/comments?post=9748"}],"version-history":[{"count":3,"href":"https:\/\/camping-leragis.com\/en\/wp-json\/wp\/v2\/pages\/9748\/revisions"}],"predecessor-version":[{"id":9766,"href":"https:\/\/camping-leragis.com\/en\/wp-json\/wp\/v2\/pages\/9748\/revisions\/9766"}],"wp:attachment":[{"href":"https:\/\/camping-leragis.com\/en\/wp-json\/wp\/v2\/media?parent=9748"}],"curies":[{"name":"wp","href":"https:\/\/api.w.org\/{rel}","templated":true}]}}